{"id":10353,"date":"2023-05-02T04:00:45","date_gmt":"2023-05-02T02:00:45","guid":{"rendered":"https:\/\/justpassinthru.de\/?post_type=product&#038;p=10353"},"modified":"2023-05-31T16:53:25","modified_gmt":"2023-05-31T14:53:25","slug":"cuei-precision-spacers-v2-stainless-steel-neu","status":"publish","type":"product","link":"https:\/\/justpassinthru.de\/en\/produkt\/cuei-precision-spacers-v2-stainless-steel-neu\/","title":{"rendered":"Cuei Precision Spacers &#8211; V2 Stainless Steel Neu"},"content":{"rendered":"<h1><span style=\"font-size: 75%;\"><a href=\"https:\/\/justpassinthru.de\/en\/product-category\/cuei-en\/\"><img loading=\"lazy\" decoding=\"async\" class=\"alignright wp-image-10339\" src=\"https:\/\/justpassinthru.de\/wp-content\/uploads\/2023\/05\/cuei-wheels-logo-square-jpt-skate.jpg\" alt=\"Cuei Nano Tech Race Model Kugellager Neu Skateboard Longboard\" width=\"120\" height=\"120\" title=\"\" srcset=\"https:\/\/justpassinthru.de\/wp-content\/uploads\/2023\/05\/cuei-wheels-logo-square-jpt-skate.jpg 225w, https:\/\/justpassinthru.de\/wp-content\/uploads\/2023\/05\/cuei-wheels-logo-square-jpt-skate-100x100.jpg 100w, https:\/\/justpassinthru.de\/wp-content\/uploads\/2023\/05\/cuei-wheels-logo-square-jpt-skate-150x150.jpg 150w\" sizes=\"auto, (max-width: 120px) 100vw, 120px\" \/><\/a><\/span><\/h1>\n<h1>Cuei Precision Spacers V2 Stainless Steel<\/h1>\n<p>Die neue und bessere Version der Cuei Precision Spacers besteht nun aus rostfreiem Edelstahl, was sie unglaublig Robust und langlebig macht. Es ist nahezu unm\u00f6glich ihre Dimensionen zu ver\u00e4ndern durch Gebrauchszeit.<br \/>\nRostfreier Edelstahl ben\u00f6tigt keine Anodisierung-Beschichtung, denn es ist an sich ein oxidations-resistentes Metall, mit anderen Worten, diese Spacer halten ein Leben lang. Cuei hat ihr Logo mit einer Laser-Gravur aufgebracht um sicherzugehen, dass du deine Spacer nicht verwechselst und Verlusten vorzubeugen.<\/p>\n<p>Die Cuei Wheels Precision Spacers werden mit einer Genauigkeit im Micrometer-Bereich (ein Micrometer = Ein Tausendstel Milimeter) hergestellt, was deutlich \u00fcber den \u00fcblichen Anforderungen im Milimeter-Bereich liegt. Die hohe Pr\u00e4zision sorgt daf\u00fcr, dass sich jede Bewegung zwischen der Achse, dem Wheel und den Kugellagern absolut gleichzeitig abspielen. Das verbessert z.B. die Slide-Eigenschaften, sorgt f\u00fcr einen smootheren Slide mit weniger Vibration und reduziert den Verlust von Energie, was in einer h\u00f6heren Geschwindigkeit bzw. weniger Rollwiderstand resultiert.<br \/>\nEntworfen und hergestellt in Brasilien in Zusammenarbeit zwischen Cuei Wheels und Dan Hill.<\/p>\n<h2>Cuei Precision Spacers V2 Features<\/h2>\n<ul>\n<li>Maximale Pr\u00e4zision im Mikrometer-Bereich gew\u00e4hrleistet, dass jeder Spacer exakt 10,00mm breit ist<\/li>\n<li>Gefertigt aus rostfreiem Edelstahl f\u00fcr maximale Stabilit\u00e4t und Langlebigkeit<\/li>\n<li>Reduziert Energieverlust &#8211; Verbessert Laufeigenschaften<\/li>\n<li>Sorgt f\u00fcr smoothere Slides<\/li>\n<li>Entworfen und hergestellt in Brasilien<\/li>\n<\/ul>\n<p><iframe loading=\"lazy\" title=\"YouTube video player\" src=\"https:\/\/www.youtube.com\/embed\/WtPCDG3Wiyo\" width=\"560\" height=\"315\" frameborder=\"0\" allowfullscreen=\"allowfullscreen\"><\/iframe><\/p>\n","protected":false},"excerpt":{"rendered":"<p><strong>Set of 4 Spacers<br \/>\n<\/strong><\/p>\n","protected":false},"featured_media":10359,"comment_status":"closed","ping_status":"closed","template":"","meta":{"inline_featured_image":false},"product_brand":[],"product_cat":[5540,565,568,511,557,531,546],"product_tag":[7970,1611,1570,2747,1748,8061,1765],"class_list":{"0":"post-10353","1":"product","2":"type-product","3":"status-publish","4":"has-post-thumbnail","6":"product_cat-cuei-en","7":"product_cat-hardware-and-small-parts","8":"product_cat-hardware-and-small-parts-en","9":"product_cat-longboards-en","10":"product_cat-parts-and-accessories-en","11":"product_cat-parts-and-accessories","12":"product_cat-skateboards-en","13":"product_tag-cuei","14":"product_tag-longboard-en-2","15":"product_tag-precision-en","16":"product_tag-skateboard-en","17":"product_tag-spacer-en","18":"product_tag-stainless-steel","19":"product_tag-v2-en","21":"first","22":"instock","23":"taxable","24":"shipping-taxable","25":"purchasable","26":"product-type-simple"},"_links":{"self":[{"href":"https:\/\/justpassinthru.de\/en\/wp-json\/wp\/v2\/product\/10353","targetHints":{"allow":["GET"]}}],"collection":[{"href":"https:\/\/justpassinthru.de\/en\/wp-json\/wp\/v2\/product"}],"about":[{"href":"https:\/\/justpassinthru.de\/en\/wp-json\/wp\/v2\/types\/product"}],"replies":[{"embeddable":true,"href":"https:\/\/justpassinthru.de\/en\/wp-json\/wp\/v2\/comments?post=10353"}],"wp:featuredmedia":[{"embeddable":true,"href":"https:\/\/justpassinthru.de\/en\/wp-json\/wp\/v2\/media\/10359"}],"wp:attachment":[{"href":"https:\/\/justpassinthru.de\/en\/wp-json\/wp\/v2\/media?parent=10353"}],"wp:term":[{"taxonomy":"product_brand","embeddable":true,"href":"https:\/\/justpassinthru.de\/en\/wp-json\/wp\/v2\/product_brand?post=10353"},{"taxonomy":"product_cat","embeddable":true,"href":"https:\/\/justpassinthru.de\/en\/wp-json\/wp\/v2\/product_cat?post=10353"},{"taxonomy":"product_tag","embeddable":true,"href":"https:\/\/justpassinthru.de\/en\/wp-json\/wp\/v2\/product_tag?post=10353"}],"curies":[{"name":"wp","href":"https:\/\/api.w.org\/{rel}","templated":true}]}}