{"id":14161,"date":"2023-09-11T05:36:17","date_gmt":"2023-09-11T03:36:17","guid":{"rendered":"https:\/\/justpassinthru.de\/?post_type=product&#038;p=14161"},"modified":"2026-03-22T14:44:55","modified_gmt":"2026-03-22T13:44:55","slug":"carver-x-santa-cruz-31-52-flame-dot-shark-complett-surfskate-cx","status":"publish","type":"product","link":"https:\/\/justpassinthru.de\/en\/produkt\/carver-x-santa-cruz-31-52-flame-dot-shark-complett-surfskate-cx\/","title":{"rendered":"Carver x Santa Cruz 31.52&#8243; Flame Dot Shark Complett Surfskate CX"},"content":{"rendered":"<p><a href=\"https:\/\/justpassinthru.de\/en\/product-category\/brands\/carver-en\/\"><img loading=\"lazy\" decoding=\"async\" class=\"alignright wp-image-5241\" src=\"https:\/\/justpassinthru.de\/wp-content\/uploads\/2022\/05\/carver-logo-1-600x600.jpg\" alt=\"Carver x Santa Cruz 31.45&quot; Classic Dot Pig Complete Surfskate C5\" width=\"111\" height=\"111\" title=\"\" srcset=\"https:\/\/justpassinthru.de\/wp-content\/uploads\/2022\/05\/carver-logo-1-600x600.jpg 600w, https:\/\/justpassinthru.de\/wp-content\/uploads\/2022\/05\/carver-logo-1-247x247.jpg 247w, https:\/\/justpassinthru.de\/wp-content\/uploads\/2022\/05\/carver-logo-1-100x100.jpg 100w, https:\/\/justpassinthru.de\/wp-content\/uploads\/2022\/05\/carver-logo-1-510x510.jpg 510w, https:\/\/justpassinthru.de\/wp-content\/uploads\/2022\/05\/carver-logo-1-150x150.jpg 150w, https:\/\/justpassinthru.de\/wp-content\/uploads\/2022\/05\/carver-logo-1-768x768.jpg 768w, https:\/\/justpassinthru.de\/wp-content\/uploads\/2022\/05\/carver-logo-1-300x300.jpg 300w, https:\/\/justpassinthru.de\/wp-content\/uploads\/2022\/05\/carver-logo-1.jpg 1200w\" sizes=\"auto, (max-width: 111px) 100vw, 111px\" \/><\/a><\/p>\n<h1><span style=\"font-size: 80%;\"><a href=\"https:\/\/justpassinthru.de\/en\/product-category\/brands\/santa-cruz-en\/\"><img loading=\"lazy\" decoding=\"async\" class=\"alignright wp-image-4583\" src=\"https:\/\/justpassinthru.de\/wp-content\/uploads\/2022\/04\/santa-cruz-logo-skate-jpt.jpg\" alt=\"Carver x Santa Cruz 31.45&quot; Classic Dot Pig Complete Surfskate C5\" width=\"119\" height=\"109\" title=\"\"><\/a>Carver x Santa Cruz 31.52&#8243; Flame Dot Shark Complett Surfskate CX <\/span><\/h1>\n<p>Santa Cruz and Carver Skateboards, both well known for superior quality and style did a collabo line. That&#8217;s your chance to get a surfskate from the leading manufacturer Carver with the style of santa cruz.<\/p>\n<p>Surfskate complete. Unbox and skate.<\/p>\n<h2><span style=\"font-size: 80%;\">Carver x Santa Cruz 31.52&#8243; Flame Dot Shark Surfskate Specs<\/span><\/h2>\n<ul>\n<li>7Ply Deck bestehend aus 7 Schichten nordamerikanischen Ahornholz<\/li>\n<li>Santa Cruz Flame Dot Print<\/li>\n<li>CX Achsensystem von Carver f\u00fcr optimales Surfskatefeeling<\/li>\n<li>Achsen haben Hollow-Achsstifte und -Kingpins f\u00fcr erh\u00f6hte Stabilit\u00e4t und geringeres Gewicht<\/li>\n<li>60mm 78a OJ Hot Juice<\/li>\n<li>L\u00e4nge: 31.52<\/li>\n<li>Breite: 9.85&#8243;<\/li>\n<li>Wheelbase: 16.00&#8243;<\/li>\n<\/ul>\n","protected":false},"excerpt":{"rendered":"<p><strong>Carver x Santa Cruz 31.52&#8243; Flame Dot Shark Komplett Surfskate CX<br \/>\n<\/strong><\/p>\n","protected":false},"featured_media":14167,"comment_status":"closed","ping_status":"closed","template":"","meta":{"inline_featured_image":false},"product_brand":[],"product_cat":[2633,1313,512,511,3597,521],"product_tag":[2860,2727,3538,4864,4935,5201,8122,7672,4881,3052,3190],"class_list":{"0":"post-14161","1":"product","2":"type-product","3":"status-publish","4":"has-post-thumbnail","6":"product_cat-brands","7":"product_cat-carver-en","8":"product_cat-longboard-completes","9":"product_cat-longboards-en","10":"product_cat-santa-cruz-en","11":"product_cat-surfskates-en","12":"product_tag-carver-en","13":"product_tag-classic-en","14":"product_tag-collab-en","15":"product_tag-cruz-en","16":"product_tag-cx-en","17":"product_tag-dot-en","18":"product_tag-flame","19":"product_tag-offer","20":"product_tag-santa-en","21":"product_tag-skateboards-en","22":"product_tag-surfskate-en","24":"first","25":"instock","26":"sale","27":"taxable","28":"shipping-taxable","29":"purchasable","30":"product-type-simple"},"_links":{"self":[{"href":"https:\/\/justpassinthru.de\/en\/wp-json\/wp\/v2\/product\/14161","targetHints":{"allow":["GET"]}}],"collection":[{"href":"https:\/\/justpassinthru.de\/en\/wp-json\/wp\/v2\/product"}],"about":[{"href":"https:\/\/justpassinthru.de\/en\/wp-json\/wp\/v2\/types\/product"}],"replies":[{"embeddable":true,"href":"https:\/\/justpassinthru.de\/en\/wp-json\/wp\/v2\/comments?post=14161"}],"wp:featuredmedia":[{"embeddable":true,"href":"https:\/\/justpassinthru.de\/en\/wp-json\/wp\/v2\/media\/14167"}],"wp:attachment":[{"href":"https:\/\/justpassinthru.de\/en\/wp-json\/wp\/v2\/media?parent=14161"}],"wp:term":[{"taxonomy":"product_brand","embeddable":true,"href":"https:\/\/justpassinthru.de\/en\/wp-json\/wp\/v2\/product_brand?post=14161"},{"taxonomy":"product_cat","embeddable":true,"href":"https:\/\/justpassinthru.de\/en\/wp-json\/wp\/v2\/product_cat?post=14161"},{"taxonomy":"product_tag","embeddable":true,"href":"https:\/\/justpassinthru.de\/en\/wp-json\/wp\/v2\/product_tag?post=14161"}],"curies":[{"name":"wp","href":"https:\/\/api.w.org\/{rel}","templated":true}]}}