{"id":14920,"date":"2023-09-30T09:16:05","date_gmt":"2023-09-30T07:16:05","guid":{"rendered":"https:\/\/justpassinthru.de\/?post_type=product&#038;p=14920"},"modified":"2025-10-01T21:45:53","modified_gmt":"2025-10-01T19:45:53","slug":"bones-wheels-100s-og-19-v4-100a-wide","status":"publish","type":"product","link":"https:\/\/justpassinthru.de\/en\/produkt\/bones-wheels-100s-og-19-v4-100a-wide\/","title":{"rendered":"Bones Wheels 100&#8217;s OG #19 V4 100A Wide"},"content":{"rendered":"<h1><span style=\"font-size: 75%;\"><a href=\"https:\/\/justpassinthru.de\/en\/product-category\/brands\/bones-en-2\/\"><img loading=\"lazy\" decoding=\"async\" class=\"alignright wp-image-4700\" src=\"https:\/\/justpassinthru.de\/wp-content\/uploads\/2022\/04\/bones-wheels-logo-jpt-skate.jpg\" alt=\"Bones Wheels\" width=\"111\" height=\"111\" title=\"\" srcset=\"https:\/\/justpassinthru.de\/wp-content\/uploads\/2022\/04\/bones-wheels-logo-jpt-skate.jpg 450w, https:\/\/justpassinthru.de\/wp-content\/uploads\/2022\/04\/bones-wheels-logo-jpt-skate-247x247.jpg 247w, https:\/\/justpassinthru.de\/wp-content\/uploads\/2022\/04\/bones-wheels-logo-jpt-skate-100x100.jpg 100w, https:\/\/justpassinthru.de\/wp-content\/uploads\/2022\/04\/bones-wheels-logo-jpt-skate-150x150.jpg 150w, https:\/\/justpassinthru.de\/wp-content\/uploads\/2022\/04\/bones-wheels-logo-jpt-skate-300x300.jpg 300w\" sizes=\"auto, (max-width: 111px) 100vw, 111px\" \/><\/a><\/span>Bones Wheels 100&#8217;s OG #19 V4 100A Wide<\/h1>\n<p>Bones Wheels sind der Klassiker der Skateboard Rollen. H\u00f6chste Qualit\u00e4t, Zuverl\u00e4ssigkeit und enorme Langlebigkeit zeichnen diese beliebten Rollen aus.<\/p>\n<h2>Specs:<\/h2>\n<ul>\n<li>Breite: 34 mm<\/li>\n<li>H\u00e4rte: 100A<\/li>\n<li>Shape: V4 Wides<\/li>\n<li>vielseitiges und stabiles, verbreitertes Contact Patch f\u00fcr mehr Stabilit\u00e4t und solide Landungen<\/li>\n<li>OG Formel sorgt f\u00fcr berechnabre Slides und Grip Eigenschafgten<\/li>\n<li>High Rebound f\u00fcr hohe Geschwindigkeit<\/li>\n<li>Hohe Resistenz gegen\u00fcber Flat Spots<\/li>\n<li>UV-gesch\u00fctzt<\/li>\n<li>Bones Graphik<\/li>\n<\/ul>\n<p><strong>Pleasse choose diameter<\/strong><\/p>\n","protected":false},"excerpt":{"rendered":"<p>Bones Wheels 100&#8217;s OG #19 V4 100A Wide<\/p>\n","protected":false},"featured_media":14965,"comment_status":"closed","ping_status":"closed","template":"","meta":{"inline_featured_image":false},"product_brand":[],"product_cat":[3644,2633,557,564],"product_tag":[7586,7588,7592,7541,7543,2820,3534,2747,1926,1594],"class_list":{"0":"post-14920","1":"product","2":"type-product","3":"status-publish","4":"has-post-thumbnail","6":"product_cat-bones-en-2","7":"product_cat-brands","8":"product_cat-parts-and-accessories-en","9":"product_cat-wheels","10":"product_tag-7586","11":"product_tag-100a","12":"product_tag-100s","13":"product_tag-52mm","14":"product_tag-53mm","15":"product_tag-54mm-en","16":"product_tag-bones-en","17":"product_tag-skateboard-en","18":"product_tag-wheels-en","19":"product_tag-wheels","21":"first","22":"instock","23":"taxable","24":"shipping-taxable","25":"purchasable","26":"product-type-variable"},"_links":{"self":[{"href":"https:\/\/justpassinthru.de\/en\/wp-json\/wp\/v2\/product\/14920","targetHints":{"allow":["GET"]}}],"collection":[{"href":"https:\/\/justpassinthru.de\/en\/wp-json\/wp\/v2\/product"}],"about":[{"href":"https:\/\/justpassinthru.de\/en\/wp-json\/wp\/v2\/types\/product"}],"replies":[{"embeddable":true,"href":"https:\/\/justpassinthru.de\/en\/wp-json\/wp\/v2\/comments?post=14920"}],"wp:featuredmedia":[{"embeddable":true,"href":"https:\/\/justpassinthru.de\/en\/wp-json\/wp\/v2\/media\/14965"}],"wp:attachment":[{"href":"https:\/\/justpassinthru.de\/en\/wp-json\/wp\/v2\/media?parent=14920"}],"wp:term":[{"taxonomy":"product_brand","embeddable":true,"href":"https:\/\/justpassinthru.de\/en\/wp-json\/wp\/v2\/product_brand?post=14920"},{"taxonomy":"product_cat","embeddable":true,"href":"https:\/\/justpassinthru.de\/en\/wp-json\/wp\/v2\/product_cat?post=14920"},{"taxonomy":"product_tag","embeddable":true,"href":"https:\/\/justpassinthru.de\/en\/wp-json\/wp\/v2\/product_tag?post=14920"}],"curies":[{"name":"wp","href":"https:\/\/api.w.org\/{rel}","templated":true}]}}