{"id":15115,"date":"2023-10-11T20:15:15","date_gmt":"2023-10-11T18:15:15","guid":{"rendered":"https:\/\/justpassinthru.de\/?post_type=product&#038;p=15115"},"modified":"2026-03-26T14:06:06","modified_gmt":"2026-03-26T13:06:06","slug":"pantheon-karma-92mm-74a-ldp-wheels-blue","status":"publish","type":"product","link":"https:\/\/justpassinthru.de\/en\/produkt\/pantheon-karma-92mm-74a-ldp-wheels-blue\/","title":{"rendered":"Pantheon Karma 92mm 74A LDP Wheels Blue"},"content":{"rendered":"<div id=\"description\" class=\"tab-pane in active\" role=\"tabpanel\">\n<div class=\"product-description\">\n<h1>Pantheon Karma 92mm 74a LDP Rollen<\/h1>\n<div class=\"product-description\"><a href=\"https:\/\/justpassinthru.de\/en\/product-category\/brands\/pantheon-en\/\"><img loading=\"lazy\" decoding=\"async\" class=\"alignright wp-image-4784\" src=\"https:\/\/justpassinthru.de\/wp-content\/uploads\/2022\/03\/pantheon_logo-longboards-jpt-skate.jpg\" alt=\"Pantheon Longboards Logo\" width=\"141\" height=\"157\" title=\"\"><\/a>Pantheon Karma Wheels sind ein perfektes Beispiel f\u00fcr &#8220;Form folgt Funktion&#8221; im Longboard Distance Rollen &#8211; Bereich.<br \/>\nNichts an diesen Wheels ist ohne Intention designt worden. Nichts ist Standard; Alles ist Ma\u00dfarbeit. Typisch f\u00fcr Pantheon wurde bis auf das kleinste Detail geachtet.Die gesamte Rolle ist verkehrt herum, sozusagen auf dem kopf stehend, in Form gegossen worden, alles f\u00fcr eine maximale Performance. Der einzigartige Kern und die &#8220;Bereifung&#8221; wurden gleichzeitig entwickelt wobei Pantheon hier von von Grund auf neu gearbeitet hat um St\u00e4rke, Grip, Pl\u00fcschigkeit (Vibrationsd\u00e4mpfung) und Geschwindigkeit zu maximieren und dabei das Gewicht zu minimieren. Pantheons hauseigene Urethan-Formel interagiert mit dem Rollen- und Kernshape auf eine Art, sodass der Grip auf solch ein Ausma\u00df gehoben wird, wie es noch bei keiner gro\u00dfen Rolle vorhanden ist. Die Rolle ist auf eine Weise gegossen, wie bisher keine andere Rolle hergestellt wurde.<br \/>\nDas Shape wurde designt um Pantheon Distance Boards auf ihr volles Potentiall herauszuholen und das zu ihren Deck-Ma\u00dfen und Shapes. Sie schlie\u00dfen perfekt mit der Kante des Pranayamas und des Trips ab (was es fast unm\u00f6glich macht beim Pushen mit der Ferse versehentlich in die hintere Rolle zu treten) und durch ihren Durchmesser, den enormen Grip und Speed dieser Wheels auch ideal f\u00fcr das Pumping und Pushing auf dem Supersonic geeignet.Die Rollen wiegen nur unglaubliche 278g pro Rolle, was erstaunlich ist f\u00fcr eine Rolle dieser Gr\u00f6\u00dfe.<br \/>\nBei dem Kern wurden harte Tests und Analysen durchgef\u00fchrt und sich der Bionik bedient. Das Vorbild aus der Natur war die extrem robuste Schale des Nautilus. Durch diese besondere Geometrie konnte die Stabilit\u00e4t (im Vergleich zum weitverbreiteten Kegel-Kern) nicht nur erh\u00f6ht, sondern zudem auch das Gewicht des Kerns gesenkt werden.<\/div>\n<div class=\"product-description\">\n<h3>Pantheon Karma Wheels Specs<\/h3>\n<p><strong>Durchmesser:<\/strong> 92mm<strong><br \/>\nBreite: <\/strong>53mm<strong><br \/>\nContact patch:<\/strong> 49mm<strong><br \/>\nKernposition:<\/strong> Offset<br \/>\n<strong>H\u00e4rte: <\/strong>74A<br \/>\n<strong>Kern<\/strong>: Nautilus Core<br \/>\n<strong>Gewicht<\/strong>: 278g je Rolle<\/p>\n<\/div>\n<p><strong>Price per 4 Wheels!<\/strong><\/p>\n<\/div>\n<p>&nbsp;<\/p>\n<\/div>\n","protected":false},"excerpt":{"rendered":"<p>Pantheon Karma 92mm 74A LDP Rollen Blue<\/p>\n<p><strong>Price per 4 Wheels<\/strong><\/p>\n","protected":false},"featured_media":15158,"comment_status":"closed","ping_status":"closed","template":"","meta":{"inline_featured_image":false},"product_brand":[],"product_cat":[1463,531,538],"product_tag":[5360,6353,4307,6352,4621,4359,1611,1607,2747,4649,1926,1594],"class_list":{"0":"post-15115","1":"product","2":"type-product","3":"status-publish","4":"has-post-thumbnail","6":"product_cat-pantheon-en","7":"product_cat-parts-and-accessories","8":"product_cat-wheels-longboards","9":"product_tag-74a-en","10":"product_tag-92mm-en","11":"product_tag-distance-en","12":"product_tag-karma-en","13":"product_tag-ldp-en","14":"product_tag-long-en","15":"product_tag-longboard-en-2","16":"product_tag-pantheon-en-2","17":"product_tag-skateboard-en","18":"product_tag-skating-en","19":"product_tag-wheels-en","20":"product_tag-wheels","22":"first","23":"instock","24":"sale","25":"taxable","26":"shipping-taxable","27":"purchasable","28":"product-type-simple"},"_links":{"self":[{"href":"https:\/\/justpassinthru.de\/en\/wp-json\/wp\/v2\/product\/15115","targetHints":{"allow":["GET"]}}],"collection":[{"href":"https:\/\/justpassinthru.de\/en\/wp-json\/wp\/v2\/product"}],"about":[{"href":"https:\/\/justpassinthru.de\/en\/wp-json\/wp\/v2\/types\/product"}],"replies":[{"embeddable":true,"href":"https:\/\/justpassinthru.de\/en\/wp-json\/wp\/v2\/comments?post=15115"}],"wp:featuredmedia":[{"embeddable":true,"href":"https:\/\/justpassinthru.de\/en\/wp-json\/wp\/v2\/media\/15158"}],"wp:attachment":[{"href":"https:\/\/justpassinthru.de\/en\/wp-json\/wp\/v2\/media?parent=15115"}],"wp:term":[{"taxonomy":"product_brand","embeddable":true,"href":"https:\/\/justpassinthru.de\/en\/wp-json\/wp\/v2\/product_brand?post=15115"},{"taxonomy":"product_cat","embeddable":true,"href":"https:\/\/justpassinthru.de\/en\/wp-json\/wp\/v2\/product_cat?post=15115"},{"taxonomy":"product_tag","embeddable":true,"href":"https:\/\/justpassinthru.de\/en\/wp-json\/wp\/v2\/product_tag?post=15115"}],"curies":[{"name":"wp","href":"https:\/\/api.w.org\/{rel}","templated":true}]}}