{"id":15986,"date":"2023-11-21T00:32:58","date_gmt":"2023-11-20T23:32:58","guid":{"rendered":"https:\/\/justpassinthru.de\/?post_type=product&#038;p=15986"},"modified":"2025-08-31T20:39:20","modified_gmt":"2025-08-31T18:39:20","slug":"venture-paid-chino-stoffhose-herren-black","status":"publish","type":"product","link":"https:\/\/justpassinthru.de\/en\/produkt\/venture-paid-chino-stoffhose-herren-black\/","title":{"rendered":"Venture Paid Chino Stoffhose Herren Black"},"content":{"rendered":"<div id=\"product_infos\">\n<div class=\"info\">\n<h2><img loading=\"lazy\" decoding=\"async\" class=\" wp-image-14512 alignright\" src=\"https:\/\/justpassinthru.de\/wp-content\/uploads\/2023\/09\/venture-trucks-logo.png\" alt=\"Venture Trucks\" width=\"120\" height=\"100\" title=\"\"><span style=\"font-size: 95%;\">Venture Paid Chino Stoffhose Herren Black<\/span><\/h2>\n<p>Mit der <b>Venture Paid<\/b> bringst du einen entspannten Loose Fit und Cargo Style aufs Board. Sie ist sch\u00f6n comfy, bietet dir ordentlich Bewegungsfreiheit, einen elastischen Hosenbund mit justierbarem Gurt und die 6 Taschen bieten dir reichlich Stauraum. Die Beinschl\u00fcsse lassen sich per Clip-Gummizug regulieren. Auf der linken Cargo Tasche befindet sich ein aufgesticktes Venture Logo f\u00fcr zus\u00e4tzlichen Style.<\/p>\n<ul>\n<li>Loose Fit<\/li>\n<li>zwei Front Hand Taschen<\/li>\n<li>zwei Dual Cargo Taschen<\/li>\n<li>zwei Dual Cargo Ges\u00e4\u00dftaschen<\/li>\n<li>Elastischer Hosenbund mit integriertem, justierbarem G\u00fcrtel<\/li>\n<li>Venture Flag auf der rechten Back Pocket<\/li>\n<li>aufgesticktes Venture Logo auf der linken Cargo Pocket<\/li>\n<li>Beinschl\u00fcsse mit Clip-Gummizug<\/li>\n<li>robuster Cordstoff<\/li>\n<li>100% Baumwolle<\/li>\n<\/ul>\n<\/div>\n<\/div>\n","protected":false},"excerpt":{"rendered":"<p>Venture Paid Chino Stoffhose Herren Black Mit der Venture Paid bringst du einen entspannten Loose Fit und Cargo Style aufs Board. Sie ist sch\u00f6n comfy, bietet dir ordentlich Bewegungsfreiheit, einen elastischen Hosenbund mit justierbarem Gurt und die 6 Taschen bieten dir reichlich Stauraum. Die Beinschl\u00fcsse lassen sich per Clip-Gummizug regulieren. Auf der linken Cargo Tasche [&#8230;]\n","protected":false},"featured_media":16076,"comment_status":"closed","ping_status":"closed","template":"","meta":{"inline_featured_image":false},"product_brand":[],"product_cat":[491,490,2633,7331,6347],"product_tag":[1771,7884,7932,8292,8319,3511],"class_list":{"0":"post-15986","1":"product","2":"type-product","3":"status-publish","4":"has-post-thumbnail","6":"product_cat-apparel","7":"product_cat-apparel-and-shoes","8":"product_cat-brands","9":"product_cat-pants-and-shorts","10":"product_cat-venture-en","11":"product_tag-black-en","12":"product_tag-chino","13":"product_tag-cord","14":"product_tag-herren","15":"product_tag-hose","16":"product_tag-schwarz-en","18":"first","19":"instock","20":"taxable","21":"shipping-taxable","22":"purchasable","23":"product-type-variable","24":"has-default-attributes"},"_links":{"self":[{"href":"https:\/\/justpassinthru.de\/en\/wp-json\/wp\/v2\/product\/15986","targetHints":{"allow":["GET"]}}],"collection":[{"href":"https:\/\/justpassinthru.de\/en\/wp-json\/wp\/v2\/product"}],"about":[{"href":"https:\/\/justpassinthru.de\/en\/wp-json\/wp\/v2\/types\/product"}],"replies":[{"embeddable":true,"href":"https:\/\/justpassinthru.de\/en\/wp-json\/wp\/v2\/comments?post=15986"}],"wp:featuredmedia":[{"embeddable":true,"href":"https:\/\/justpassinthru.de\/en\/wp-json\/wp\/v2\/media\/16076"}],"wp:attachment":[{"href":"https:\/\/justpassinthru.de\/en\/wp-json\/wp\/v2\/media?parent=15986"}],"wp:term":[{"taxonomy":"product_brand","embeddable":true,"href":"https:\/\/justpassinthru.de\/en\/wp-json\/wp\/v2\/product_brand?post=15986"},{"taxonomy":"product_cat","embeddable":true,"href":"https:\/\/justpassinthru.de\/en\/wp-json\/wp\/v2\/product_cat?post=15986"},{"taxonomy":"product_tag","embeddable":true,"href":"https:\/\/justpassinthru.de\/en\/wp-json\/wp\/v2\/product_tag?post=15986"}],"curies":[{"name":"wp","href":"https:\/\/api.w.org\/{rel}","templated":true}]}}