{"id":20126,"date":"2024-05-17T20:00:05","date_gmt":"2024-05-17T18:00:05","guid":{"rendered":"https:\/\/justpassinthru.de\/?post_type=product&#038;p=20126"},"modified":"2026-03-19T08:40:23","modified_gmt":"2026-03-19T07:40:23","slug":"pantheon-stylus-149mm-tkp-trucks","status":"publish","type":"product","link":"https:\/\/justpassinthru.de\/en\/produkt\/pantheon-stylus-149mm-tkp-trucks\/","title":{"rendered":"Pantheon Stylus 149mm TKP Trucks"},"content":{"rendered":"<div id=\"description\" class=\"tab-pane fade in active\" role=\"tabpanel\">\n<div class=\"product-description\">\n<h2><a href=\"https:\/\/justpassinthru.de\/en\/product-category\/brands\/pantheon-en\/\"><img loading=\"lazy\" decoding=\"async\" class=\"alignright wp-image-4784\" src=\"https:\/\/justpassinthru.de\/wp-content\/uploads\/2022\/03\/pantheon_logo-longboards-jpt-skate.jpg\" alt=\"Pantheon Longboards Logo\" width=\"161\" height=\"185\" title=\"\"><\/a>Pantheon Stylus 149mm TKP Trucks<\/h2>\n<p>Die neuen Pantheon Stylus 149mm TKP Trucks wurden speziell f\u00fcr Longboads designt. Es ist also keine Street Truck die an Longboards angepasst wurde. Diese Achse wurde speziell im Hinblick auf Longboards entwickelt und bietet einen sch\u00f6nen Dive in den Kurven, einmalige und hervorragende Carving Eigenschaften, eine hohe Pr\u00e4zision mit extrem geraden Achsstiften, viel Kontrolle und Grip.<\/p>\n<p>Zudem sind bei der Pantheon Stylus sowohl die Achsstifte, als auch der Kingpin hollow (hohl), was das Geiwcht der Achse reduziert. Das wirkt sich positiv auf deine Beschleunigung aus, auf langen Strecken ( du musst weniger Gewicht bewegen &#8211; erh\u00f6ht die Effizienz),\u00a0 aber auch im Alltag wenn man das Board mal unterm Arm hat.<br \/>\nDie Stylus ist die erste TKP Achse auf dem Markt die Longboard Bushings mit Plugs verwendet. Der Plug eliminiert nahezu vollst\u00e4ndig den Slop deiner Achsen (Slop ist ein ungew\u00fcnschtes Spiel der Achsen, das sich jeglicher Kontrolle entzieht und somit sich negativ auf das Fahrgef\u00fchl, Effizienz und Kontrolle auswirkt) indem er die L\u00fccke im bzw. zwischen Bushingseat und Kingpin ausf\u00fcllt. Die h\u00f6heren Bushings sorgen dabei gleichzeitig f\u00fcr erh\u00f6hten Lean, sodass du noch tiefer in deine Turns eintauchen kannst. Du erh\u00e4lst also eine Achse die besonders leicht, pr\u00e4zise, effizient, agil, spa\u00dfig und geichzeitig stabil ist.<\/p>\n<p>Aus unserer Sicht hat Pantheon hier den Nagel mal wieder auf den Kopf getroffen!<\/p>\n<h3>Pantheon Stylus 149mm TKP Trucks Specs<\/h3>\n<ul>\n<li>Breite: 149mm<\/li>\n<li>H\u00f6he bis Achsmitte: 55.75mm<\/li>\n<li>Bushing H\u00f6he: 0.6&#8243;<\/li>\n<li>Bushing H\u00e4rte: 92A<\/li>\n<li>Gewicht: 397g pro St\u00fcck<\/li>\n<li>Plug Barrel board side bushing<\/li>\n<li>Faced Hanger Hohle<\/li>\n<li>Achsen Hohle Achsstifte und Kingpin<\/li>\n<li>Extrem gerade Achsen<\/li>\n<li>Full Size 0.6\u2033 Longboard Bushings<\/li>\n<li>Pressure Casting (sehr stabil und pr\u00e4zise)<\/li>\n<li>Mittel-niedrige Fahrh\u00f6he<\/li>\n<\/ul>\n<\/div>\n<\/div>\n","protected":false},"excerpt":{"rendered":"<p>Price for one Truck<\/p>\n","protected":false},"featured_media":20213,"comment_status":"closed","ping_status":"closed","template":"","meta":{"inline_featured_image":false},"product_brand":[],"product_cat":[511,1463,531,532],"product_tag":[4277,1611,1607,6434,6433,1589,3654],"class_list":{"0":"post-20126","1":"product","2":"type-product","3":"status-publish","4":"has-post-thumbnail","6":"product_cat-longboards-en","7":"product_cat-pantheon-en","8":"product_cat-parts-and-accessories","9":"product_cat-trucks-longboards","10":"product_tag-149mm-en","11":"product_tag-longboard-en-2","12":"product_tag-pantheon-en-2","13":"product_tag-stylus-en","14":"product_tag-tkp-en","15":"product_tag-trucks-en-2","16":"product_tag-trucks-en-3","18":"first","19":"instock","20":"taxable","21":"shipping-taxable","22":"purchasable","23":"product-type-simple"},"_links":{"self":[{"href":"https:\/\/justpassinthru.de\/en\/wp-json\/wp\/v2\/product\/20126","targetHints":{"allow":["GET"]}}],"collection":[{"href":"https:\/\/justpassinthru.de\/en\/wp-json\/wp\/v2\/product"}],"about":[{"href":"https:\/\/justpassinthru.de\/en\/wp-json\/wp\/v2\/types\/product"}],"replies":[{"embeddable":true,"href":"https:\/\/justpassinthru.de\/en\/wp-json\/wp\/v2\/comments?post=20126"}],"wp:featuredmedia":[{"embeddable":true,"href":"https:\/\/justpassinthru.de\/en\/wp-json\/wp\/v2\/media\/20213"}],"wp:attachment":[{"href":"https:\/\/justpassinthru.de\/en\/wp-json\/wp\/v2\/media?parent=20126"}],"wp:term":[{"taxonomy":"product_brand","embeddable":true,"href":"https:\/\/justpassinthru.de\/en\/wp-json\/wp\/v2\/product_brand?post=20126"},{"taxonomy":"product_cat","embeddable":true,"href":"https:\/\/justpassinthru.de\/en\/wp-json\/wp\/v2\/product_cat?post=20126"},{"taxonomy":"product_tag","embeddable":true,"href":"https:\/\/justpassinthru.de\/en\/wp-json\/wp\/v2\/product_tag?post=20126"}],"curies":[{"name":"wp","href":"https:\/\/api.w.org\/{rel}","templated":true}]}}