{"id":21254,"date":"2024-06-16T17:52:36","date_gmt":"2024-06-16T15:52:36","guid":{"rendered":"https:\/\/justpassinthru.de\/?post_type=product&#038;p=21254"},"modified":"2025-05-06T00:47:45","modified_gmt":"2025-05-05T22:47:45","slug":"pantheon-shuriken-carver-cx-34-surf-skate-complete","status":"publish","type":"product","link":"https:\/\/justpassinthru.de\/en\/produkt\/pantheon-shuriken-carver-cx-34-surf-skate-complete\/","title":{"rendered":"Pantheon Shuriken Carver CX 34&#8243; Surf Skate Complete"},"content":{"rendered":"<div id=\"description\" class=\"tab-pane in active\" role=\"tabpanel\">\n<div class=\"product-description\">\n<h2>Pantheon Shuriken Carver CX 34&#8243; Surf Skate Complete<a href=\"https:\/\/justpassinthru.de\/en\/product-category\/brands\/pantheon-en\/\"><img loading=\"lazy\" decoding=\"async\" class=\"alignright wp-image-4784\" src=\"https:\/\/justpassinthru.de\/wp-content\/uploads\/2022\/03\/pantheon_logo-longboards-jpt-skate.jpg\" alt=\"Pantheon Longboards Logo\" width=\"134\" height=\"150\" title=\"\"><\/a><\/h2>\n<div class=\"product-description\">\n<div class=\"product-description\">\n<p>Das Pantheon Shuriken ist ein modernes high end Surf Skate mit gro\u00dfen Fokus auf die Details. Pantheon hat seine Design-Ethik und Vision in dieses Board gesteckt. Sie haben mit erfahrenen Surf Skatern zusammen gearbeitet, Feedback umgesetzt und das Deck entsprechend viele Male \u00fcberarbeitet bis hin zu diesem finalen Design, welches Form, Funktion und Materialien h\u00f6chster Qualit\u00e4t in sich vereint.<\/p>\n<p>Bei unserem Complete haben wir die besten Komponenten f\u00fcr dich auf das Shuriken abgestimmt, damit du keine Kompromisse eingehen brauchst.<\/p>\n<p>Das Shuriken Complete kommt mit den beliebten Carver CX Trucks, die auch Jeff (Gr\u00fcnder von Pantheon) selbst empfiehlt. Carver ist der Marktf\u00fchrer und Erfinder der Surfskates. Du erh\u00e4lst als absolute Top Nodge Qualit\u00e4t, Langlebigkeit und absolut smoothe Turns.<\/p>\n<p>Bei der Wahl der Kugellager haben wir uns f\u00fcr die bew\u00e4hrten Zealous Bearings entschieden. Mit einem Reibungs-Koeffizienten von 0.003%, die mit schnellsten Kugellager auf dem Markt. Au\u00dferdem sind es Built-In Lager. Damit verlierst du nie einen Speedring oder Spacer, denn diese sind im Lager integriert.<\/p>\n<p>Die Cloud Ride Cruisers bieten dir mit 78A hohen Komfort und stets eine smoothe Fahrt. Mit einem Durchmesser von 69mm sind sie sch\u00f6n gro\u00df, damit du auch leicht \u00fcber Hindernisse kommst, gleichzeitig sind sie nicht zu gro\u00df, sodass du dir um Wheelbites keine Sorgen machen brauchst. Die Clear Thane Formula von Cloud Ride bietet dir zuverl\u00e4ssigen Grip in deinen Turns, sodass du auch aggressiv einlenken kannst und dich beim Surfskaten voll austoben kannst.<br \/>\nSie bieten ein sehr gutes Preis-Leistungs-Verh\u00e4ltniss und passen au\u00dferdem zu den blauen Elementen der Shuriken Grafik.<\/p>\n<\/div>\n<div class=\"product-description\">\n<h3>Pantheon Shuriken Carver CX Complete Specs<\/h3>\n<p><strong>L\u00e4nge<\/strong>: 33.6&#8243;<strong><br \/>\nBreite<\/strong>: 10.2&#8243; Front; 9.8&#8243; Tail<br \/>\n<strong>Wheelbase<\/strong>: 17 &#8211; 17.75&#8243;<br \/>\n<strong>Konstruktion<\/strong>: 6-Ply Maple Core, 2 Lagen triaxiale Glasfaser, eine Lage Holzfurnier auf der Unterseite, mit Epoxy verleimt<br \/>\n<strong>Kugellager<\/strong>: Zealous Built-In Steel Bearings<br \/>\n<strong>Trucks<\/strong>: Carver CX 9&#8243; Hollow<\/p>\n<p><em>Please choose your option.<\/em><\/p>\n<\/div>\n<\/div>\n<\/div>\n<\/div>\n","protected":false},"excerpt":{"rendered":"<p><strong>Shuriken Carver CX 34&#8243; Surf Skate Complete<br \/>\n<\/strong><\/p>\n","protected":false},"featured_media":30564,"comment_status":"closed","ping_status":"closed","template":"","meta":{"inline_featured_image":false},"product_brand":[],"product_cat":[512,1463,521],"product_tag":[2860,2550,4935,1607,2944,4649,6349,3190],"class_list":{"0":"post-21254","1":"product","2":"type-product","3":"status-publish","4":"has-post-thumbnail","6":"product_cat-longboard-completes","7":"product_cat-pantheon-en","8":"product_cat-surfskates-en","9":"product_tag-carver-en","10":"product_tag-complete-en","11":"product_tag-cx-en","12":"product_tag-pantheon-en-2","13":"product_tag-skate-en","14":"product_tag-skating-en","15":"product_tag-surf-en","16":"product_tag-surfskate-en","18":"first","19":"instock","20":"taxable","21":"shipping-taxable","22":"purchasable","23":"product-type-variable"},"_links":{"self":[{"href":"https:\/\/justpassinthru.de\/en\/wp-json\/wp\/v2\/product\/21254","targetHints":{"allow":["GET"]}}],"collection":[{"href":"https:\/\/justpassinthru.de\/en\/wp-json\/wp\/v2\/product"}],"about":[{"href":"https:\/\/justpassinthru.de\/en\/wp-json\/wp\/v2\/types\/product"}],"replies":[{"embeddable":true,"href":"https:\/\/justpassinthru.de\/en\/wp-json\/wp\/v2\/comments?post=21254"}],"wp:featuredmedia":[{"embeddable":true,"href":"https:\/\/justpassinthru.de\/en\/wp-json\/wp\/v2\/media\/30564"}],"wp:attachment":[{"href":"https:\/\/justpassinthru.de\/en\/wp-json\/wp\/v2\/media?parent=21254"}],"wp:term":[{"taxonomy":"product_brand","embeddable":true,"href":"https:\/\/justpassinthru.de\/en\/wp-json\/wp\/v2\/product_brand?post=21254"},{"taxonomy":"product_cat","embeddable":true,"href":"https:\/\/justpassinthru.de\/en\/wp-json\/wp\/v2\/product_cat?post=21254"},{"taxonomy":"product_tag","embeddable":true,"href":"https:\/\/justpassinthru.de\/en\/wp-json\/wp\/v2\/product_tag?post=21254"}],"curies":[{"name":"wp","href":"https:\/\/api.w.org\/{rel}","templated":true}]}}