{"id":24218,"date":"2024-07-09T21:56:10","date_gmt":"2024-07-09T19:56:10","guid":{"rendered":"https:\/\/justpassinthru.de\/?post_type=product&#038;p=24218"},"modified":"2024-07-12T20:53:51","modified_gmt":"2024-07-12T18:53:51","slug":"santa-cruz-jeff-kendall-jagermeister-deer-10-reissue-deck","status":"publish","type":"product","link":"https:\/\/justpassinthru.de\/en\/produkt\/santa-cruz-jeff-kendall-jagermeister-deer-10-reissue-deck\/","title":{"rendered":"Santa Cruz Jeff Kendall J\u00e4germeister Deer 10&#8243; Reissue Deck"},"content":{"rendered":"<div id=\"description\" class=\"tab-pane fade in active\" role=\"tabpanel\">\n<div class=\"product-description\">\n<h2><a href=\"https:\/\/justpassinthru.de\/en\/product-category\/brands\/santa-cruz-en\/\"><img loading=\"lazy\" decoding=\"async\" class=\"alignright wp-image-4583\" src=\"https:\/\/justpassinthru.de\/wp-content\/uploads\/2022\/04\/santa-cruz-logo-skate-jpt.jpg\" alt=\"Santa Cruz Logo\" width=\"150\" height=\"137\" title=\"\"><\/a>Santa Cruz Jeff Kendall J\u00e4germeister Deer 10&#8243; Reissue Deck<\/h2>\n<p>Santa Cruz Skateboards J\u00ebff K\u00ebndall J\u00e4germeister Reissue deck featuring spott matte and metallic OG graphics on black stained veneers and fully authorized Santa Cruz X J\u00e4germeister top graphic with decktop laser etched reissue logo. Please Drink Responsibly. This item is intended for people of legal drinking age.<\/p>\n<p>7 ply North American Maple pressed individually using epoxy &#8211; making a strong, responsive deck with long lasting pop and consistent concave and kick.<\/p>\n<p>Cruz Missile II concave is Santa Cruz&#8217;s infamous tech concave from the 1980s with aggressive, multi-dimensional side to side concave and tail kick along with forward set rocker that comfortably lock in your feet in key areas for a completely unique riding experience &#8211; cruising the streets or skating transition on old school or shaped decks with longer tail than nose.<\/p>\n<h3><span style=\"font-size: 100%;\">Santa Cruz Jeff Kendall J\u00e4germeister Deer Specs<\/span><\/h3>\n<ul>\n<li>Deck Construction 7-ply<\/li>\n<li>Deck Length (Inches) 30.99<\/li>\n<li>Deck Noselength (Inches) 5.07<\/li>\n<li>Deck Shape SC-408<\/li>\n<li>Deck Taillength (Inches) 6.60<\/li>\n<li>Deck Wheelbase (Inches) 14.625 x 15.125<\/li>\n<li>Deck Width (Inches) 10.18<\/li>\n<\/ul>\n<\/div>\n<\/div>\n","protected":false},"excerpt":{"rendered":"<p><strong>Deck only.<\/strong><\/p>\n","protected":false},"featured_media":24221,"comment_status":"closed","ping_status":"closed","template":"","meta":{"inline_featured_image":false},"product_brand":[],"product_cat":[2633,547,549,550,551,3597],"product_tag":[4864,2332,7999,4347,3327,4881,2747],"class_list":{"0":"post-24218","1":"product","2":"type-product","3":"status-publish","4":"has-post-thumbnail","6":"product_cat-brands","7":"product_cat-decks-en","8":"product_cat-oldschool-en","9":"product_cat-pool-park-en","10":"product_cat-reissues-en","11":"product_cat-santa-cruz-en","12":"product_tag-cruz-en","13":"product_tag-deck-en","14":"product_tag-deer","15":"product_tag-kendall-en","16":"product_tag-reissue-en","17":"product_tag-santa-en","18":"product_tag-skateboard-en","20":"first","21":"outofstock","22":"taxable","23":"shipping-taxable","24":"purchasable","25":"product-type-variable"},"_links":{"self":[{"href":"https:\/\/justpassinthru.de\/en\/wp-json\/wp\/v2\/product\/24218","targetHints":{"allow":["GET"]}}],"collection":[{"href":"https:\/\/justpassinthru.de\/en\/wp-json\/wp\/v2\/product"}],"about":[{"href":"https:\/\/justpassinthru.de\/en\/wp-json\/wp\/v2\/types\/product"}],"replies":[{"embeddable":true,"href":"https:\/\/justpassinthru.de\/en\/wp-json\/wp\/v2\/comments?post=24218"}],"wp:featuredmedia":[{"embeddable":true,"href":"https:\/\/justpassinthru.de\/en\/wp-json\/wp\/v2\/media\/24221"}],"wp:attachment":[{"href":"https:\/\/justpassinthru.de\/en\/wp-json\/wp\/v2\/media?parent=24218"}],"wp:term":[{"taxonomy":"product_brand","embeddable":true,"href":"https:\/\/justpassinthru.de\/en\/wp-json\/wp\/v2\/product_brand?post=24218"},{"taxonomy":"product_cat","embeddable":true,"href":"https:\/\/justpassinthru.de\/en\/wp-json\/wp\/v2\/product_cat?post=24218"},{"taxonomy":"product_tag","embeddable":true,"href":"https:\/\/justpassinthru.de\/en\/wp-json\/wp\/v2\/product_tag?post=24218"}],"curies":[{"name":"wp","href":"https:\/\/api.w.org\/{rel}","templated":true}]}}