{"id":24576,"date":"2024-07-13T21:29:39","date_gmt":"2024-07-13T19:29:39","guid":{"rendered":"https:\/\/justpassinthru.de\/?post_type=product&#038;p=24576"},"modified":"2024-07-14T10:51:36","modified_gmt":"2024-07-14T08:51:36","slug":"vision-go-skate-or-go-home-oldschool-10-25-skateboard-deck","status":"publish","type":"product","link":"https:\/\/justpassinthru.de\/en\/produkt\/vision-go-skate-or-go-home-oldschool-10-25-skateboard-deck\/","title":{"rendered":"Vision Go Skate Or Go Home Oldschool 10.25&#8243; Skateboard Deck"},"content":{"rendered":"<h2>Vision Go Skate Or Go Home Oldschool 10.25&#8243; Skateboard Deck<img loading=\"lazy\" decoding=\"async\" class=\"alignright wp-image-9850\" src=\"https:\/\/justpassinthru.de\/wp-content\/uploads\/2022\/01\/vision-skateboards-logo-jpt-skate-e1720836523677.jpg\" alt=\"Vision Skateboards Logo Just Passin Thru Skateboarding\" width=\"150\" height=\"81\" title=\"\"><\/h2>\n<p>Das klassische Vision Go Skate Or Go Home Oldschool Reissue Deck ist wieder da. Hergestellt von der selben Firma wie schon damals in den 80er Jahren.<\/p>\n<p>Dieses OG Deck bietet dir das selbe Shape und Concave wie damals, eine Wheelbase von 15&#8243;. Mit diesem Deck kannst du hervorragend Pools, gro\u00dfe Pipes und Hills zu skaten.<\/p>\n<p>Das oldschool Concave gibt dir das klassische Gef\u00fchl und das originale Shape und die Grafik mit klarer Botschaft hinter der wohl jeder Skater steht, sorgen f\u00fcr extra Style Punkte! Gleichzeitig ist es sch\u00f6n bequem und auch sehr gut f\u00fcr Cruiser Setups geeignet.<\/p>\n<p>Die Konstruktion aus feinstem 7-Ply Canadian Maple wurde in den USA hergestellt, ist hochwertig, langlebig und bew\u00e4hrt.<\/p>\n<div>\n<h3>Vision Go Skate Or Go Home Oldschool Deck Specs<\/h3>\n<ul>\n<li>Breite: 10.25&#8243;<\/li>\n<li>L\u00e4nge: 30\u2033<\/li>\n<li>Wheelbase: 15\u2033<\/li>\n<li>7 Ply Hardrock Maple<\/li>\n<li>Made in USA<\/li>\n<li>Reissue<\/li>\n<\/ul>\n<\/div>\n","protected":false},"excerpt":{"rendered":"<p><strong>Deck only.<br \/>\nWithout Griptape.<br \/>\n<\/strong><\/p>\n","protected":false},"featured_media":24587,"comment_status":"closed","ping_status":"closed","template":"","meta":{"inline_featured_image":false},"product_brand":[],"product_cat":[547,549,550,551,546,6637],"product_tag":[2332,8201,8309,5336,3893,3327,5338,2944,2747,4409],"class_list":{"0":"post-24576","1":"product","2":"type-product","3":"status-publish","4":"has-post-thumbnail","6":"product_cat-decks-en","7":"product_cat-oldschool-en","8":"product_cat-pool-park-en","9":"product_cat-reissues-en","10":"product_cat-skateboards-en","11":"product_cat-vision-en","12":"product_tag-deck-en","13":"product_tag-go","14":"product_tag-home","15":"product_tag-old-en","16":"product_tag-oldschool-en","17":"product_tag-reissue-en","18":"product_tag-school-en","19":"product_tag-skate-en","20":"product_tag-skateboard-en","21":"product_tag-vision-en","23":"first","24":"instock","25":"taxable","26":"shipping-taxable","27":"purchasable","28":"product-type-variable","29":"has-default-attributes"},"_links":{"self":[{"href":"https:\/\/justpassinthru.de\/en\/wp-json\/wp\/v2\/product\/24576","targetHints":{"allow":["GET"]}}],"collection":[{"href":"https:\/\/justpassinthru.de\/en\/wp-json\/wp\/v2\/product"}],"about":[{"href":"https:\/\/justpassinthru.de\/en\/wp-json\/wp\/v2\/types\/product"}],"replies":[{"embeddable":true,"href":"https:\/\/justpassinthru.de\/en\/wp-json\/wp\/v2\/comments?post=24576"}],"wp:featuredmedia":[{"embeddable":true,"href":"https:\/\/justpassinthru.de\/en\/wp-json\/wp\/v2\/media\/24587"}],"wp:attachment":[{"href":"https:\/\/justpassinthru.de\/en\/wp-json\/wp\/v2\/media?parent=24576"}],"wp:term":[{"taxonomy":"product_brand","embeddable":true,"href":"https:\/\/justpassinthru.de\/en\/wp-json\/wp\/v2\/product_brand?post=24576"},{"taxonomy":"product_cat","embeddable":true,"href":"https:\/\/justpassinthru.de\/en\/wp-json\/wp\/v2\/product_cat?post=24576"},{"taxonomy":"product_tag","embeddable":true,"href":"https:\/\/justpassinthru.de\/en\/wp-json\/wp\/v2\/product_tag?post=24576"}],"curies":[{"name":"wp","href":"https:\/\/api.w.org\/{rel}","templated":true}]}}