{"id":24673,"date":"2024-07-21T00:51:22","date_gmt":"2024-07-20T22:51:22","guid":{"rendered":"https:\/\/justpassinthru.de\/?post_type=product&#038;p=24673"},"modified":"2026-04-28T21:10:13","modified_gmt":"2026-04-28T19:10:13","slug":"pantheon-pranayama-fg-gas-guzzler-31-ldp-longboard-deck","status":"publish","type":"product","link":"https:\/\/justpassinthru.de\/en\/produkt\/pantheon-pranayama-fg-gas-guzzler-31-ldp-longboard-deck\/","title":{"rendered":"Pantheon Pranayama FG Gas Guzzler 31&#8243; LDP Longboard Deck"},"content":{"rendered":"<div id=\"description\" class=\"tab-pane fade in active\" role=\"tabpanel\">\n<div class=\"product-description\">\n<h1><a href=\"https:\/\/justpassinthru.de\/en\/product-category\/brands\/pantheon-en\/\"><img loading=\"lazy\" decoding=\"async\" class=\"alignright wp-image-4784\" src=\"https:\/\/justpassinthru.de\/wp-content\/uploads\/2022\/03\/pantheon_logo-longboards-jpt-skate.jpg\" alt=\"Pantheon Longboards Logo\" width=\"111\" height=\"124\" title=\"\"><\/a>Pantheon Pranayama FG Gas Guzzler 31&#8243; LDP Longboard Deck<\/h1>\n<p>Das neue Pantheon Pranayama FG Gas Guzzler ist da!<\/p>\n<p>Das Pranayama ist in der LDP Szene zurecht bereits zu einer Legende aufgestiegen! Wer ein Board sucht, um mit maximalem Spa\u00df, Comfort, Speed von A nach B zu skaten, kann seine Suche nun beenden.<br \/>\nPantheon hat sich sehr viele Gedanken bei der Entwicklung dieses Boards gemacht.<br \/>\nDas Pantheon Pranayama FG Gas Guzzler bietet einen Double Drop. Es vereint also die Drop Through Montage wobei die Achse von oben in das Deck eingelassen wird statt von unten montiert, mit einem Drop Down Deck bei dem die Standfl\u00e4che abgesenkt, sozusagen tiefer gelegt ist. Zudem ist es f\u00fcr Street Trucks konzipiert worden, die nochmals tiefer als RKPs sind.<\/p>\n<p>Somit bist du beim skaten sehr nah am Boden, was jeden Push zu einem extrem komfortabel und weniger anstrengend macht. Somit holst du das Maximum aus deiner Energie heraus. Das kommt sowohl Anf\u00e4ngern, Long Distance Skatern, Pendlern als auch Cruisern sehr entgegen.<br \/>\nZudem hat das Board einen angenehmen Flex, welcher dank der triaxialen Glasfasern auch nicht mit der Zeit einsackt. Zus\u00e4tzlich erh\u00f6hen die Glasfasern auch enorm die Belastbarkeit des Decks.<\/p>\n<p>Auf der untersten Lage hat Pantheon ein Walnussfurnier aufgebracht, was nicht nur toll aussieht, sondern auch gleich einen Zweck erf\u00fcllt: Einerseits sch\u00fctzt das Furnier die Glasfasern vor \u00e4u\u00dferen Einfl\u00fcssen. So musst du dir weniger Sorgen, \u00fcber Kratzer, Steinschl\u00e4ge, aufsetzen etc. machen, welche die Glasfasern mit der Zeit schw\u00e4chen w\u00fcrden. Andererseits sch\u00fctzt es auch deine H\u00e4nde. Wer schon einmal Glasfasern in den H\u00e4nden hatte, weis wie nervig das sein kann.<\/p>\n<h3>Pantheon Pranayama FG Gas Guzzler Setup Empfehlung<\/h3>\n<p>Das Pranayama ist auf die <a href=\"https:\/\/justpassinthru.de\/en\/produkt\/paris-street-truck-set-149mm-raw\/\">Paris 149mm Trucks<\/a> und <a href=\"https:\/\/justpassinthru.de\/produkt-kategorie\/marken\/seismic\/\">85mm Seismic Speed<\/a> Vents und <a href=\"https:\/\/justpassinthru.de\/?s=caguama&amp;post_type=product&amp;type_aws=true&amp;lang=de\">85mm Orangatang Caguama<\/a> Wheels speziell konzipiert und optimiert worden. Paris Street Achsen sind ber\u00fcchtigt hohe TKP Achsen. Wenn du es also noch tiefer haben magst, kannst du Independent 149mm probieren, aber die Paris Trucks sind so toll in ihrem Lenkverhalten in Kombination mit dem Pranayama Deck, dass wir dir eher empfehlen w\u00fcrden etwas kleinere Wheels in diesem Fall auszuprobieren, wie die <a href=\"https:\/\/justpassinthru.de\/en\/produkt\/orangatang-kegel-80mm-83a-purple\/\">Orangatang 80mm Kegel<\/a>. Auch ein kleiner Drop Through Riser bringt dich etwas tiefer. Wir denken jedoch, dass die meisten dieses Setup sehr f\u00fchlen, zu sch\u00e4tzen und lieben wissen werden. Es ist unwahrscheinlich, dass man an diesem Deck noch irgendetwas verbessern kann.<\/p>\n<p>DESIGNED AUSSCHLIE\u00dfLICH F\u00dcR TRADITIONAL STREET ACHSEN!<\/p>\n<h3>Pantheon Pranayama FG Gas Guzzler Deck Specs<\/h3>\n<p><strong>L\u00e4nge:<\/strong> 79.7 cm \/ 31.375&#8243;<br \/>\n<strong>Breite:<\/strong> 23.5 cm \/ 9.25&#8243;<br \/>\n<strong>Wheelbase:<\/strong> 66 cm \/ 23.5&#8243;<br \/>\n<strong>Konstruktion<\/strong>: Fiber glass \/ Maple<br \/>\n<strong>Gripptape: <\/strong>Ja, Laser Cut Griptape inklusive<\/p>\n<p><strong>Drop:<\/strong> 1.3 Inch crescent<br \/>\n<strong>Profil:<\/strong> Slight Mustache Camber\/Rocker<\/p>\n<p><iframe loading=\"lazy\" title=\"YouTube video player\" src=\"https:\/\/www.youtube.com\/embed\/7_P1ZW3ubvE\" width=\"560\" height=\"315\" frameborder=\"0\" allowfullscreen=\"allowfullscreen\"><\/iframe><\/p>\n<p><iframe loading=\"lazy\" title=\"YouTube video player\" src=\"https:\/\/www.youtube.com\/embed\/WXGAIadbpDE\" width=\"560\" height=\"315\" frameborder=\"0\" allowfullscreen=\"allowfullscreen\"><\/iframe><\/p>\n<\/div>\n<\/div>\n<p>umh\u00fcll<\/p>\n","protected":false},"excerpt":{"rendered":"<p>Pantheon Pranayama FG Gas Guzzler 31&#8243; LDP Longboard Deck<\/p>\n","protected":false},"featured_media":24679,"comment_status":"closed","ping_status":"closed","template":"","meta":{"inline_featured_image":false},"product_brand":[],"product_cat":[2633,523,522,511,527,1463],"product_tag":[7922,2332,4307,8178,8258,4621,4359,1611,1607,3402],"class_list":{"0":"post-24673","1":"product","2":"type-product","3":"status-publish","4":"has-post-thumbnail","6":"product_cat-brands","7":"product_cat-cruiser-carver-en-2","8":"product_cat-longboard-decks-en","9":"product_cat-longboards-en","10":"product_cat-longdistance-en-2","11":"product_cat-pantheon-en","12":"product_tag-commuter","13":"product_tag-deck-en","14":"product_tag-distance-en","15":"product_tag-gas","16":"product_tag-guzzler","17":"product_tag-ldp-en","18":"product_tag-long-en","19":"product_tag-longboard-en-2","20":"product_tag-pantheon-en-2","21":"product_tag-pranayama-en","23":"first","24":"instock","25":"taxable","26":"shipping-taxable","27":"purchasable","28":"product-type-simple"},"_links":{"self":[{"href":"https:\/\/justpassinthru.de\/en\/wp-json\/wp\/v2\/product\/24673","targetHints":{"allow":["GET"]}}],"collection":[{"href":"https:\/\/justpassinthru.de\/en\/wp-json\/wp\/v2\/product"}],"about":[{"href":"https:\/\/justpassinthru.de\/en\/wp-json\/wp\/v2\/types\/product"}],"replies":[{"embeddable":true,"href":"https:\/\/justpassinthru.de\/en\/wp-json\/wp\/v2\/comments?post=24673"}],"wp:featuredmedia":[{"embeddable":true,"href":"https:\/\/justpassinthru.de\/en\/wp-json\/wp\/v2\/media\/24679"}],"wp:attachment":[{"href":"https:\/\/justpassinthru.de\/en\/wp-json\/wp\/v2\/media?parent=24673"}],"wp:term":[{"taxonomy":"product_brand","embeddable":true,"href":"https:\/\/justpassinthru.de\/en\/wp-json\/wp\/v2\/product_brand?post=24673"},{"taxonomy":"product_cat","embeddable":true,"href":"https:\/\/justpassinthru.de\/en\/wp-json\/wp\/v2\/product_cat?post=24673"},{"taxonomy":"product_tag","embeddable":true,"href":"https:\/\/justpassinthru.de\/en\/wp-json\/wp\/v2\/product_tag?post=24673"}],"curies":[{"name":"wp","href":"https:\/\/api.w.org\/{rel}","templated":true}]}}