{"id":25240,"date":"2024-07-28T10:50:44","date_gmt":"2024-07-28T08:50:44","guid":{"rendered":"https:\/\/justpassinthru.de\/?post_type=product&#038;p=25240"},"modified":"2025-02-06T11:13:14","modified_gmt":"2025-02-06T10:13:14","slug":"rocket-rambler-ldp-longboard-complete-38-4","status":"publish","type":"product","link":"https:\/\/justpassinthru.de\/en\/produkt\/rocket-rambler-ldp-longboard-complete-38-4\/","title":{"rendered":"Rocket Rambler LDP Longboard Complete 38.4&#8243;"},"content":{"rendered":"<section class=\"av_textblock_section\">\n<div class=\"avia_textblock \">\n<h1><span style=\"font-size: 75%;\" data-wp-editing=\"1\"><a href=\"https:\/\/justpassinthru.de\/en\/product-category\/brands\/rocket-longboards-en\/\"><img loading=\"lazy\" decoding=\"async\" class=\"alignright wp-image-5068\" src=\"https:\/\/justpassinthru.de\/wp-content\/uploads\/2022\/04\/rocket-longboards-logo-skate-jpt-1-1.png\" alt=\"Rocket Rambler LDP Longboard Complete 38.4&quot;\" width=\"248\" height=\"124\" title=\"\"><\/a><\/span>Rocket Rambler LDP Longboard Complete 38.4&#8243;<\/h1>\n<p>Das <strong>Rocket Rambler LDP Longboard Complete<\/strong> erlaubt dir einen einfachen und g\u00fcnstigen Eintritt in die Welt des LDP (Long Distance Pumping\/Pushing). Das Rambler wurde designt um maximale Performance mit Standard 50\u00b0 Achsen zwischen 150mm und 180mm und Rollen mit einem bis zu satten 90mm Durchmesser abzuliefern.<br \/>\nDank des Double Drops bietet dir das Rocket Rambler LDP Longboard Complete eine <strong>tiefe Standfl\u00e4che<\/strong>, was Pushen besonders einfach und komfortabel macht und dank der <strong>9\u00b0 positiv <\/strong>angewinkelten <strong>Front <\/strong>und der <strong>13\u00b0 negativ <\/strong>angewinkelten <strong>Tail<\/strong> wird es zu einer wahren Pumpmaschine, ganz ohne teure Brackets. Damit sparst du nicht nur Geld, sondern auch Gewicht.<\/p>\n<p>Sein <strong>ergonomisches 3D Concave<\/strong> h\u00e4lt deine F\u00fc\u00dfe sicher auf dem Brett, wenn du es brauchst und bleibt gleichzeitig \u00fcber Stunden hinweg sehr bequem. Rocket hat sogar eine kleine Tail hinzugef\u00fcgt, damit du es nach deiner fahrt mit einem Pop einfach in deine Hand bef\u00f6rdern kannst.<\/p>\n<p>Gewicht ist ein wichtiger Faktor wenn es darum geht lange Strecken zu skaten. Daher hat dass Rambler eine ultraleichte <strong>Hollow-Core<\/strong> &#8211; Konstruktion verpasst bekommen, mit einem kraftvollen Flex. Der Kern des Decks wird aufwendig \u00fcber mehrere zus\u00e4tzliche Arbeitsschritte hergestellt. Hierzu wird der Kern aus Bambus mit Epoxy verleimt, mit etlichen tonnen Druck gepresst und anschlie\u00dfend werden mittels CNC-Fr\u00e4se &#8220;Fenster&#8221; in den Core eingebracht um das Gewicht zu reduzieren. Anschlie\u00dfend kommen Ahorn-Holzlagen auf den Kern, sodass die Fenster fest verschlossen sind.<br \/>\nZus\u00e4tzlich wird das Deck mit Glas- und Carbonfasern verst\u00e4rkt um <strong>maximale Robustheit und Langlebigkeit<\/strong> zu erzielen und wieder alles gepresst.<br \/>\nHochkomplexes, technologisches Board in h\u00f6chster Qualit\u00e4t mit schweizer Pr\u00e4zisionsarbeit und Liebe zum Detail.<\/p>\n<p>F\u00fcr noch mehr Vielseitigkeit ist das Rocket Rambler in zwei Varianten erh\u00e4ltlich:<br \/>\nDie Flex II Variante hat exakt den Rebound den du f\u00fcr kraftvolles, energieeffizientes Pumpen brauchst und ist f\u00fcr Skater bis zu 90 kg geeignet. Die steifere Variante Flex I ist f\u00fcr Fahrer bis zu 110 kg ausgelegt oder alle die gerne ein steiferes Board m\u00f6chten.<\/p>\n<p>In Kontrast zu einer LDP Plattform, kann das Rocket Rambler mit standard Komponenten montiert werden und bietet dabei dennoch das gleiche Fahrerlebnis. Dar\u00fcber hinaus sind Standard Komponenten wesentlich leichter erh\u00e4ltlich.<\/p>\n<h3>Rocket Rambler LDP Longboard Complete Setup Empfehlung<\/h3>\n<p>Wir empfehlen dir f\u00fcr das Rambler Orangatang Caguama, Seismic Speed Vent oder die 88 Wheels McFly, welche sich in der LDP Szene bereits fest etabliert haben und zurecht einen hohen Status genie\u00dfen. Sie lassen sich super pumpen\/pushen, halten eine hohe Geschwindigkeit extrem gut. Dank dem enormen Durchmesser rollst du m\u00fchelos \u00fcber Hindernisse wie Bordsteinkanten, Gullideckel, etc. m\u00fchelos dr\u00fcber, was nicht nur deine Sicherheitsondern auch deinen Komfort erh\u00f6ht.<br \/>\nIdeal f\u00fcr lange Strecken ob Profi oder Anf\u00e4nger!<\/p>\n<p>Vorne montieren wir eine Bennett Truck 6.0&#8243; Black, welche f\u00fcr ihr Pumpability ber\u00fcchtigt sind. Als Hinterachse montieren wir dir die neue Pantheon Stylus TKP Trucks. Diese sind hochpr\u00e4zise, bieten besoders gerade Achsstifte und nutzen ein Plug-Bushing-System, was dir zus\u00e4tzliche Stabilit\u00e4t verleiht. Da der Bushing in der Stylus h\u00f6her ist as ein \u00fcblicher TKP Street Bushing, hast du mehr Lean in der Achse, kannst also noch tiefer in deine Turns und Pumps eintauchen ohne Kompromisse bei der Stabilit\u00e4t eingehen zu m\u00fcssen.<\/p>\n<p>Dein Rocket Rambler LDP Longboard Complete kommt nur mit den hochwertigsten Komponenten. Keine Kompromisse!<br \/>\nDaher haben wir f\u00fcr dein Complete die Zealous Steel Built-In Bearings gew\u00e4hlt. Diese Kugellager werden von etlichen Pros in der LDP und Downhill-Szene eingesetzt. Sie haben einen Reibungs-Koeffizienten von 0,003%. Die mit schnellsten Kugellager auf dem Markt.<\/p>\n<p>Bonus-Tip: Durch <a href=\"https:\/\/justpassinthru.de\/?s=keil&amp;post_type=product&amp;type_aws=true&amp;lang=de\">Keile<\/a> kannst du die Anwinkelung der Front und Tail sogar noch weiter ausreizen und gleichzeitig die Standfl\u00e4che weiter absenken. \u00dcberpr\u00fcfe dein Setup dann immer auf Wheelbites.<\/p>\n<h3>Rocket Rambler LDP Longboard Complete Specs<\/h3>\n<p><strong>L\u00e4nge: <\/strong>38.4\u201d \/ 97.5 cm<br \/>\n<strong>Breite: <\/strong>9.7\u201d \/ 24.6 cm<br \/>\n<strong>Wheelbase: <\/strong>29.3\u201d \/ 74.5 cm<br \/>\n<strong>Concave: <\/strong>0.55\u201d \/ 12 mm<br \/>\n<strong>Winkel: <\/strong>+9\u00b0 Front, -13\u00b0 Tail<br \/>\n<strong>Gewicht<\/strong><\/p>\n<p>1500 g \/ 3.3 lbs (flex)<br \/>\n1700 g \/ 3.7 lbs (stiff)<\/p>\n<p><strong>Material:<\/strong> SFI zertifierter Bambus (hollow Kern), SFI zertifizierter canadian maple, Carbon &#8211; Faser, Glass &#8211; Faser, Embossed ABS topsheet<\/p>\n<p>Achse Front: Bennett 6.0&#8243; Black<br \/>\nAchse Rear: Pantheon Stylus TKP 149mm<br \/>\nKugellager: Zealous Built-In Bearings<\/p>\n<p><strong>Bitte w\u00e4hle deine Option.<\/strong><\/p>\n<p><iframe loading=\"lazy\" title=\"YouTube video player\" src=\"https:\/\/www.youtube.com\/embed\/YIFMVm_pHks\" width=\"560\" height=\"315\" frameborder=\"0\" allowfullscreen=\"allowfullscreen\"><\/iframe><\/p>\n<\/div>\n<\/section>\n","protected":false},"excerpt":{"rendered":"<p>Rocket Rambler LDP Longboard Complete\u00a038.4&#8243;<\/p>\n","protected":false},"featured_media":5094,"comment_status":"closed","ping_status":"closed","template":"","meta":{"inline_featured_image":false},"product_brand":[],"product_cat":[2633,512,511,518,520,2697],"product_tag":[3716,2550,4307,4621,4359,1611,3736,2936],"class_list":{"0":"post-25240","1":"product","2":"type-product","3":"status-publish","4":"has-post-thumbnail","6":"product_cat-brands","7":"product_cat-longboard-completes","8":"product_cat-longboards-en","9":"product_cat-longdistance-en","10":"product_cat-premium-completes","11":"product_cat-rocket-longboards-en","12":"product_tag-38-4-en","13":"product_tag-complete-en","14":"product_tag-distance-en","15":"product_tag-ldp-en","16":"product_tag-long-en","17":"product_tag-longboard-en-2","18":"product_tag-rambler-en","19":"product_tag-rocket-en","21":"first","22":"instock","23":"taxable","24":"shipping-taxable","25":"purchasable","26":"product-type-variable","27":"has-default-attributes"},"_links":{"self":[{"href":"https:\/\/justpassinthru.de\/en\/wp-json\/wp\/v2\/product\/25240","targetHints":{"allow":["GET"]}}],"collection":[{"href":"https:\/\/justpassinthru.de\/en\/wp-json\/wp\/v2\/product"}],"about":[{"href":"https:\/\/justpassinthru.de\/en\/wp-json\/wp\/v2\/types\/product"}],"replies":[{"embeddable":true,"href":"https:\/\/justpassinthru.de\/en\/wp-json\/wp\/v2\/comments?post=25240"}],"wp:featuredmedia":[{"embeddable":true,"href":"https:\/\/justpassinthru.de\/en\/wp-json\/wp\/v2\/media\/5094"}],"wp:attachment":[{"href":"https:\/\/justpassinthru.de\/en\/wp-json\/wp\/v2\/media?parent=25240"}],"wp:term":[{"taxonomy":"product_brand","embeddable":true,"href":"https:\/\/justpassinthru.de\/en\/wp-json\/wp\/v2\/product_brand?post=25240"},{"taxonomy":"product_cat","embeddable":true,"href":"https:\/\/justpassinthru.de\/en\/wp-json\/wp\/v2\/product_cat?post=25240"},{"taxonomy":"product_tag","embeddable":true,"href":"https:\/\/justpassinthru.de\/en\/wp-json\/wp\/v2\/product_tag?post=25240"}],"curies":[{"name":"wp","href":"https:\/\/api.w.org\/{rel}","templated":true}]}}