{"id":25973,"date":"2024-09-27T00:29:44","date_gmt":"2024-09-26T22:29:44","guid":{"rendered":"https:\/\/justpassinthru.de\/?post_type=product&#038;p=25973"},"modified":"2026-03-26T15:49:26","modified_gmt":"2026-03-26T14:49:26","slug":"riptide-krank-barrel-bushings","status":"publish","type":"product","link":"https:\/\/justpassinthru.de\/en\/produkt\/riptide-krank-barrel-bushings\/","title":{"rendered":"Riptide KranK Barrel Bushings &#8211; all hardness"},"content":{"rendered":"<h2><span style=\"font-size: 100%;\"><a href=\"https:\/\/justpassinthru.de\/en\/product-category\/brands\/riptide-en\/\"><img loading=\"lazy\" decoding=\"async\" class=\"alignright wp-image-8998\" src=\"https:\/\/justpassinthru.de\/wp-content\/uploads\/2023\/01\/riptide_tm_logo_black_transparent__-jpt-skate.webp\" alt=\"Riptide KranK Barrel Bushings Premium Quality\" width=\"152\" height=\"48\" title=\"\" srcset=\"https:\/\/justpassinthru.de\/wp-content\/uploads\/2023\/01\/riptide_tm_logo_black_transparent__-jpt-skate.webp 590w, https:\/\/justpassinthru.de\/wp-content\/uploads\/2023\/01\/riptide_tm_logo_black_transparent__-jpt-skate-510x161.webp 510w\" sizes=\"auto, (max-width: 152px) 100vw, 152px\" \/><\/a><\/span>Riptide KranK Barrel Bushings<\/h2>\n<p>V\u00f6llig zurecht weltweit mit die beliebtesten und ber\u00fchmtesten Bushings! Von unz\u00e4hligen Skatern getestet und nicht mehr wegzudenken. Sehr gute Qualit\u00e4t!<br \/>\nDie Riptide KranK Barrel sind Premium Quality Allround Lenkgummis mit dem h\u00f6chsten Rebound den Riptide zu bieten hat.<\/p>\n<p>Die Krank Formel ist speziell daf\u00fcr designt sich unter Druckeinwirkung zu ver\u00e4ndern was du durch das Anziehen deiner Kingpinmutter kontrollieren und einstellen kannst.<br \/>\n\u00dcblich m\u00f6gen es Bushings nicht, wenn man sie fester anzieht (wir empfehlen \u00fcblich nicht mehr als 1 volle Umdrehung fester zu ziehen, ab dem Punkt, an dem du deinem Roadside Washer nicht mehr mit der Hand gedreht bekommst, dar\u00fcber hinaus solltest du deine Bushings durch h\u00e4rtere austauschen). Die Riptide KranK Barrel reagieren durch Materialver\u00e4nderung anders und erlauben es dir deine Bushings bis zu zwei volle Umdrehungen fester zu ziehen, f\u00fcr den tightesten fit. Durch ihre hohe Resistenz gegen\u00fcber Druck, sind sie auch f\u00fcr schwerere Skater interessant.<\/p>\n<p>Dank dem hohen Rebound sind sie auch f\u00fcr Long Distance Pumping und aggressives Carving interessant, denn diese Bushings dr\u00fccken deinen Hanger st\u00e4rker und schneller zur\u00fcck ins Center, was dir noch schnellere Richtungswechsel erm\u00f6glicht. Zurecht nicht mehr wegzudenken.<\/p>\n<p><strong><br \/>\n\u00dcber RipTide:<br \/>\n<\/strong>RipTide Sports, die Hauptfirma von RipTide Bushings hat sich einem Ziel verschrieben: G\u00e4nzlich neu entwickelte Produkte f\u00fcr den Longboardmarkt zu produzieren, die innovativ und nachhaltig im Design und in der Herstellung sind.<br \/>\nIhr Ziel ist es Longboardspezifische Produkte zu produzieren, die einem helfen sein Setup individuell anzupassen und zu optimieren und so f\u00fcr mehr Fahrspa\u00df zu sorgen.<br \/>\nRipTide glaubt, das Longboarden nicht nur ein Wochenendspass ist, sondern ein gesunder Lifestyle. Deswegen pusht RipTide Produkte die innovativ und hochqualitativ sind und so das Longboarden weiterbringen.<\/p>\n","protected":false},"excerpt":{"rendered":"<p><strong> Sold as pair (2 barrel bushings).<br \/>\n<\/strong><\/p>\n","protected":false},"featured_media":26043,"comment_status":"closed","ping_status":"closed","template":"","meta":{"inline_featured_image":false},"product_brand":[],"product_cat":[536,511,531,2289],"product_tag":[2281,4355,2193,4072,1611,2747],"class_list":{"0":"post-25973","1":"product","2":"type-product","3":"status-publish","4":"has-post-thumbnail","6":"product_cat-bushings-longboards-en","7":"product_cat-longboards-en","8":"product_cat-parts-and-accessories","9":"product_cat-riptide-en","10":"product_tag-barrel-en","11":"product_tag-bushings-en-2","12":"product_tag-bushings-en","13":"product_tag-krank-en","14":"product_tag-longboard-en-2","15":"product_tag-skateboard-en","17":"first","18":"instock","19":"taxable","20":"shipping-taxable","21":"purchasable","22":"product-type-variable"},"_links":{"self":[{"href":"https:\/\/justpassinthru.de\/en\/wp-json\/wp\/v2\/product\/25973","targetHints":{"allow":["GET"]}}],"collection":[{"href":"https:\/\/justpassinthru.de\/en\/wp-json\/wp\/v2\/product"}],"about":[{"href":"https:\/\/justpassinthru.de\/en\/wp-json\/wp\/v2\/types\/product"}],"replies":[{"embeddable":true,"href":"https:\/\/justpassinthru.de\/en\/wp-json\/wp\/v2\/comments?post=25973"}],"wp:featuredmedia":[{"embeddable":true,"href":"https:\/\/justpassinthru.de\/en\/wp-json\/wp\/v2\/media\/26043"}],"wp:attachment":[{"href":"https:\/\/justpassinthru.de\/en\/wp-json\/wp\/v2\/media?parent=25973"}],"wp:term":[{"taxonomy":"product_brand","embeddable":true,"href":"https:\/\/justpassinthru.de\/en\/wp-json\/wp\/v2\/product_brand?post=25973"},{"taxonomy":"product_cat","embeddable":true,"href":"https:\/\/justpassinthru.de\/en\/wp-json\/wp\/v2\/product_cat?post=25973"},{"taxonomy":"product_tag","embeddable":true,"href":"https:\/\/justpassinthru.de\/en\/wp-json\/wp\/v2\/product_tag?post=25973"}],"curies":[{"name":"wp","href":"https:\/\/api.w.org\/{rel}","templated":true}]}}