{"id":30058,"date":"2025-04-16T03:15:00","date_gmt":"2025-04-16T01:15:00","guid":{"rendered":"https:\/\/justpassinthru.de\/?post_type=product&#038;p=30058"},"modified":"2025-06-06T09:00:08","modified_gmt":"2025-06-06T07:00:08","slug":"loaded-bolsa-ii-paris-v3-34-longboard-complete","status":"publish","type":"product","link":"https:\/\/justpassinthru.de\/en\/produkt\/loaded-bolsa-ii-paris-v3-34-longboard-complete\/","title":{"rendered":"Loaded Bolsa II Paris V3 34&#8243; Longboard Complete"},"content":{"rendered":"<div id=\"description\" class=\"tab-pane fade in active\" role=\"tabpanel\">\n<div class=\"product-description\">\n<h2>Loaded Bolsa II Paris V3 34&#8243; Longboard Complete <a href=\"https:\/\/justpassinthru.de\/en\/product-category\/brands\/loaded-en\/\"><img loading=\"lazy\" decoding=\"async\" class=\"alignright wp-image-4788\" src=\"https:\/\/justpassinthru.de\/wp-content\/uploads\/2022\/01\/loaded-logo-jpt-skate.jpg\" alt=\"Loaded Longboards Logo\" width=\"190\" height=\"51\" title=\"\"><\/a><\/h2>\n<p>The Bolsa II blends performance and adaptability, featuring a refined shape that seamlessly transitions between street, longboard, and surfskate setups. Whether you&#8217;re hitting pumptracks, skateparks, or city streets, this deck delivers. Its generous width, subtle rocker, and mellow concave ensure a comfortable and controlled ride, while functional kicktails provide solid pop for ollies and tricks. Mellow wheel flares offer reliable foot placement and increased wheel clearance, further optimized by precision-milled wheel wells.<\/p>\n<p>The Paris complete is a flow-inducing ride that dares you to skate how you want, where you want. It&#8217;s right for you if: You want a comfortable, versatile board for flow, speed, and tricks. You&#8217;re looking for a hybrid style of skating: a board to bridge the gap between street skating and longboarding. You want the ability to get tricky with tech slides, pop some ollies, hop curbs, and flow around a skatepark. You want to rip around a pump track on a roomy board with comfortable ergonomics to lock you in.<\/p>\n<p>BOLSA ll Specs: Length: 34&#8243; \/ 86.4 cm Width: 9.4&#8243; \/ 23.9 cm Wheelbase: 16-17.5&#8243; \/ 40.6-44.5 cm Profile: Rocker Flex: Stiff Weight: 3.8 lb \/ 1.7 kg<\/p>\n<h3>Loaded Bolsa II Paris V3 Specs<\/h3>\n<p><strong>Length<\/strong>: 34&#8243;<br \/>\n<strong>Width<\/strong>: 9.4&#8243;<br \/>\n<strong>Wheelbase<\/strong>: 16\u2033 \u2013 17.5\u2033<br \/>\n<strong>Construction<\/strong>: 8ply maple including two thicker cross plies einschlie\u00dflich zwei dickerer Querlagen f\u00fcr mehr Torsions- und L\u00e4ngssteifigkeit.<\/p>\n<p>Setup<\/p>\n<p><strong>Trucks<\/strong>: Paris V3 165mm<br \/>\n<strong>Wheels<\/strong>: Orangatang Fat Free 86A Yellow<br \/>\n<strong>Griptape<\/strong>: Yes, Custom Loaded Bolsa II Griptape<br \/>\n<strong>Bearings<\/strong>: Loaded Jehu V2 Built In Bearings (with integrated spacers and speedrings)<\/p>\n<p><iframe loading=\"lazy\" title=\"YouTube video player\" src=\"https:\/\/www.youtube.com\/embed\/NEm44SNy4Ig?si=YKfvEGS8SA-BFIgY\" width=\"560\" height=\"315\" frameborder=\"0\" allowfullscreen=\"allowfullscreen\"><\/iframe><br \/>\n<iframe loading=\"lazy\" title=\"YouTube video player\" src=\"https:\/\/www.youtube.com\/embed\/IjeGMCFOlsQ?si=tSB4O2rdi22R7YN4\" width=\"560\" height=\"315\" frameborder=\"0\" allowfullscreen=\"allowfullscreen\"><\/iframe><\/p>\n<\/div>\n<\/div>\n","protected":false},"excerpt":{"rendered":"<p>Comes fully assembled and ready to shred.<\/p>\n","protected":false},"featured_media":30115,"comment_status":"closed","ping_status":"closed","template":"","meta":{"inline_featured_image":false},"product_brand":[],"product_cat":[2633,513,1341,512,511],"product_tag":[7788,2550,1617,1611,3615,3613],"class_list":{"0":"post-30058","1":"product","2":"type-product","3":"status-publish","4":"has-post-thumbnail","6":"product_cat-brands","7":"product_cat-cruiser-carver-en","8":"product_cat-loaded-en","9":"product_cat-longboard-completes","10":"product_cat-longboards-en","11":"product_tag-bolsa-ii","12":"product_tag-complete-en","13":"product_tag-loaded-en-2","14":"product_tag-longboard-en-2","15":"product_tag-paris-en","16":"product_tag-paris-v3-en","18":"first","19":"instock","20":"taxable","21":"shipping-taxable","22":"purchasable","23":"product-type-simple"},"_links":{"self":[{"href":"https:\/\/justpassinthru.de\/en\/wp-json\/wp\/v2\/product\/30058","targetHints":{"allow":["GET"]}}],"collection":[{"href":"https:\/\/justpassinthru.de\/en\/wp-json\/wp\/v2\/product"}],"about":[{"href":"https:\/\/justpassinthru.de\/en\/wp-json\/wp\/v2\/types\/product"}],"replies":[{"embeddable":true,"href":"https:\/\/justpassinthru.de\/en\/wp-json\/wp\/v2\/comments?post=30058"}],"wp:featuredmedia":[{"embeddable":true,"href":"https:\/\/justpassinthru.de\/en\/wp-json\/wp\/v2\/media\/30115"}],"wp:attachment":[{"href":"https:\/\/justpassinthru.de\/en\/wp-json\/wp\/v2\/media?parent=30058"}],"wp:term":[{"taxonomy":"product_brand","embeddable":true,"href":"https:\/\/justpassinthru.de\/en\/wp-json\/wp\/v2\/product_brand?post=30058"},{"taxonomy":"product_cat","embeddable":true,"href":"https:\/\/justpassinthru.de\/en\/wp-json\/wp\/v2\/product_cat?post=30058"},{"taxonomy":"product_tag","embeddable":true,"href":"https:\/\/justpassinthru.de\/en\/wp-json\/wp\/v2\/product_tag?post=30058"}],"curies":[{"name":"wp","href":"https:\/\/api.w.org\/{rel}","templated":true}]}}