{"id":30129,"date":"2025-04-17T23:15:53","date_gmt":"2025-04-17T21:15:53","guid":{"rendered":"https:\/\/justpassinthru.de\/?post_type=product&#038;p=30129"},"modified":"2025-08-28T12:06:32","modified_gmt":"2025-08-28T10:06:32","slug":"loaded-bolsa-ii-carver-cx-34-surfskate-complete","status":"publish","type":"product","link":"https:\/\/justpassinthru.de\/en\/produkt\/loaded-bolsa-ii-carver-cx-34-surfskate-complete\/","title":{"rendered":"Loaded Bolsa II Carver CX 34&#8243; Surfskate Complete"},"content":{"rendered":"<div id=\"description\" class=\"tab-pane fade in active\" role=\"tabpanel\">\n<div class=\"product-description\">\n<h2>Loaded Bolsa II Carver CX 34&#8243; Longboard Complete <a href=\"https:\/\/justpassinthru.de\/en\/product-category\/brands\/loaded-en\/\"><img loading=\"lazy\" decoding=\"async\" class=\"alignright wp-image-4788\" src=\"https:\/\/justpassinthru.de\/wp-content\/uploads\/2022\/01\/loaded-logo-jpt-skate.jpg\" alt=\"Loaded Longboards Logo\" width=\"190\" height=\"51\" title=\"\"><\/a><\/h2>\n<p>The Surfskate Editions, in collaboration with Carver, are flowy rides designed for energetic, locked-in surfskate applications. It&#8217;s right for you if: You&#8217;re a surfskate enthusiast who wants high-performance carving and pumping. You&#8217;re looking for a board with secure ergonomics and stability for deep carves, and you want smooth, flowy trucks with premium wheels and bushings.<\/p>\n<p>CX setup: You&#8217;re looking for very snappy turns and to replicate the quick response you feel as you pump a surfboard. You want to pump this truck but still have the capability to land aerial maneuvers and ride fakie with more stability.<\/p>\n<p>C7 setup: You want the fluid, lateral sway you feel surfing as you pump. You&#8217;re looking for the smoothest turning, fastest pumping surfskate truck that has a striking similarity to short-board surfing.<\/p>\n<p>BOLSA ll Specs: Length: 34&#8243; \/ 86.4 cm Width: 9.4&#8243; \/ 23.9 cm Wheelbase: 16-17.5&#8243; \/ 40.6-44.5 cm Profile: Rocker Flex: Stiff Weight: 3.8 lb \/ 1.7 kg<\/p>\n<h3>Loaded Bolsa II Carver CX 34&#8243; Surfskate Specs<\/h3>\n<p><strong>Length<\/strong>: 34&#8243;<br \/>\n<strong>Width<\/strong>: 9.4&#8243;<br \/>\n<strong>Wheelbase<\/strong>: 16\u2033 \u2013 17.5\u2033<br \/>\n<strong>Construction<\/strong>: 8ply maple including two thicker cross plies einschlie\u00dflich zwei dickerer Querlagen f\u00fcr mehr Torsions- und L\u00e4ngssteifigkeit.<\/p>\n<p>Setup<\/p>\n<p><strong>Trucks<\/strong>: Carver CX<br \/>\n<strong>Wheels<\/strong>: Orangatang Love Handles 80A<br \/>\n<strong>Griptape<\/strong>: Yes, Custom Loaded Bolsa II Griptape<br \/>\n<strong>Bearings<\/strong>: Loaded Jehu V2 Built In Bearings (with integrated spacers and speedrings)<\/p>\n<p><iframe loading=\"lazy\" title=\"YouTube video player\" src=\"https:\/\/www.youtube.com\/embed\/NEm44SNy4Ig?si=YKfvEGS8SA-BFIgY\" width=\"560\" height=\"315\" frameborder=\"0\" allowfullscreen=\"allowfullscreen\"><\/iframe><br \/>\n<iframe loading=\"lazy\" title=\"YouTube video player\" src=\"https:\/\/www.youtube.com\/embed\/IjeGMCFOlsQ?si=tSB4O2rdi22R7YN4\" width=\"560\" height=\"315\" frameborder=\"0\" allowfullscreen=\"allowfullscreen\"><\/iframe><\/p>\n<\/div>\n<\/div>\n","protected":false},"excerpt":{"rendered":"<p>Comes fully assembled and ready to shred.<\/p>\n","protected":false},"featured_media":30138,"comment_status":"closed","ping_status":"closed","template":"","meta":{"inline_featured_image":false},"product_brand":[],"product_cat":[2633,1341,512,511,521],"product_tag":[7788,2860,2550,4935,1617,1611,3190],"class_list":{"0":"post-30129","1":"product","2":"type-product","3":"status-publish","4":"has-post-thumbnail","6":"product_cat-brands","7":"product_cat-loaded-en","8":"product_cat-longboard-completes","9":"product_cat-longboards-en","10":"product_cat-surfskates-en","11":"product_tag-bolsa-ii","12":"product_tag-carver-en","13":"product_tag-complete-en","14":"product_tag-cx-en","15":"product_tag-loaded-en-2","16":"product_tag-longboard-en-2","17":"product_tag-surfskate-en","19":"first","20":"instock","21":"taxable","22":"shipping-taxable","23":"purchasable","24":"product-type-simple"},"_links":{"self":[{"href":"https:\/\/justpassinthru.de\/en\/wp-json\/wp\/v2\/product\/30129","targetHints":{"allow":["GET"]}}],"collection":[{"href":"https:\/\/justpassinthru.de\/en\/wp-json\/wp\/v2\/product"}],"about":[{"href":"https:\/\/justpassinthru.de\/en\/wp-json\/wp\/v2\/types\/product"}],"replies":[{"embeddable":true,"href":"https:\/\/justpassinthru.de\/en\/wp-json\/wp\/v2\/comments?post=30129"}],"wp:featuredmedia":[{"embeddable":true,"href":"https:\/\/justpassinthru.de\/en\/wp-json\/wp\/v2\/media\/30138"}],"wp:attachment":[{"href":"https:\/\/justpassinthru.de\/en\/wp-json\/wp\/v2\/media?parent=30129"}],"wp:term":[{"taxonomy":"product_brand","embeddable":true,"href":"https:\/\/justpassinthru.de\/en\/wp-json\/wp\/v2\/product_brand?post=30129"},{"taxonomy":"product_cat","embeddable":true,"href":"https:\/\/justpassinthru.de\/en\/wp-json\/wp\/v2\/product_cat?post=30129"},{"taxonomy":"product_tag","embeddable":true,"href":"https:\/\/justpassinthru.de\/en\/wp-json\/wp\/v2\/product_tag?post=30129"}],"curies":[{"name":"wp","href":"https:\/\/api.w.org\/{rel}","templated":true}]}}