{"id":30157,"date":"2025-04-22T14:27:28","date_gmt":"2025-04-22T12:27:28","guid":{"rendered":"https:\/\/justpassinthru.de\/?post_type=product&#038;p=30157"},"modified":"2026-02-24T16:42:37","modified_gmt":"2026-02-24T15:42:37","slug":"loaded-bolsa-ii-longboard-deck-34","status":"publish","type":"product","link":"https:\/\/justpassinthru.de\/en\/produkt\/loaded-bolsa-ii-longboard-deck-34\/","title":{"rendered":"Loaded Bolsa II Longboard Deck 34&#8243;"},"content":{"rendered":"<div id=\"description\" class=\"tab-pane fade in active\" role=\"tabpanel\">\n<div class=\"product-description\">\n<h2>Loaded Bolsa II Longboard Deck 34&#8243;<br \/>\n<a href=\"https:\/\/justpassinthru.de\/en\/product-category\/brands\/loaded-en\/\"><img loading=\"lazy\" decoding=\"async\" class=\"alignright wp-image-4788\" src=\"https:\/\/justpassinthru.de\/wp-content\/uploads\/2022\/01\/loaded-logo-jpt-skate.jpg\" alt=\"Loaded Longboards Logo\" width=\"190\" height=\"51\" title=\"\"><\/a><\/h2>\n<p>The Bolsa II blends performance and adaptability, featuring a refined shape that seamlessly transitions between street, longboard, and surfskate setups. Whether you&#8217;re hitting pumptracks, skateparks, or city streets, this deck delivers. Its generous width, subtle rocker, and mellow concave ensure a comfortable and controlled ride, while functional kicktails provide solid pop for ollies and tricks. Mellow wheel flares offer reliable foot placement and increased wheel clearance, further optimized by precision-milled wheel wells.<\/p>\n<p>BOLSA ll Specs: Length: 34&#8243; \/ 86.4 cm Width: 9.4&#8243; \/ 23.9 cm Wheelbase: 16-17.5&#8243; \/ 40.6-44.5 cm Profile: Rocker Flex: Stiff Weight: 3.8 lb \/ 1.7 kg<\/p>\n<h3>Loaded Bolsa II Longboard Deck 34&#8243; Specs<\/h3>\n<p><strong>Length<\/strong>: 34&#8243;<br \/>\n<strong>Width<\/strong>: 9.4&#8243;<br \/>\n<strong>Wheelbase<\/strong>: 16\u2033 \u2013 17.5\u2033<br \/>\n<strong>Construction<\/strong>: 8ply maple including two thicker cross plies einschlie\u00dflich zwei dickerer Querlagen f\u00fcr mehr Torsions- und L\u00e4ngssteifigkeit.<\/p>\n<p><iframe loading=\"lazy\" title=\"YouTube video player\" src=\"https:\/\/www.youtube.com\/embed\/NEm44SNy4Ig?si=YKfvEGS8SA-BFIgY\" width=\"560\" height=\"315\" frameborder=\"0\" allowfullscreen=\"allowfullscreen\"><\/iframe><br \/>\n<iframe loading=\"lazy\" title=\"YouTube video player\" src=\"https:\/\/www.youtube.com\/embed\/IjeGMCFOlsQ?si=tSB4O2rdi22R7YN4\" width=\"560\" height=\"315\" frameborder=\"0\" allowfullscreen=\"allowfullscreen\"><\/iframe><\/p>\n<\/div>\n<\/div>\n","protected":false},"excerpt":{"rendered":"<p>Deck only.<\/p>\n","protected":false},"featured_media":30166,"comment_status":"closed","ping_status":"closed","template":"","meta":{"inline_featured_image":false},"product_brand":[],"product_cat":[2633,523,1341,522,511],"product_tag":[7788,2332,1617,1611],"class_list":{"0":"post-30157","1":"product","2":"type-product","3":"status-publish","4":"has-post-thumbnail","6":"product_cat-brands","7":"product_cat-cruiser-carver-en-2","8":"product_cat-loaded-en","9":"product_cat-longboard-decks-en","10":"product_cat-longboards-en","11":"product_tag-bolsa-ii","12":"product_tag-deck-en","13":"product_tag-loaded-en-2","14":"product_tag-longboard-en-2","16":"first","17":"instock","18":"taxable","19":"shipping-taxable","20":"purchasable","21":"product-type-simple"},"_links":{"self":[{"href":"https:\/\/justpassinthru.de\/en\/wp-json\/wp\/v2\/product\/30157","targetHints":{"allow":["GET"]}}],"collection":[{"href":"https:\/\/justpassinthru.de\/en\/wp-json\/wp\/v2\/product"}],"about":[{"href":"https:\/\/justpassinthru.de\/en\/wp-json\/wp\/v2\/types\/product"}],"replies":[{"embeddable":true,"href":"https:\/\/justpassinthru.de\/en\/wp-json\/wp\/v2\/comments?post=30157"}],"wp:featuredmedia":[{"embeddable":true,"href":"https:\/\/justpassinthru.de\/en\/wp-json\/wp\/v2\/media\/30166"}],"wp:attachment":[{"href":"https:\/\/justpassinthru.de\/en\/wp-json\/wp\/v2\/media?parent=30157"}],"wp:term":[{"taxonomy":"product_brand","embeddable":true,"href":"https:\/\/justpassinthru.de\/en\/wp-json\/wp\/v2\/product_brand?post=30157"},{"taxonomy":"product_cat","embeddable":true,"href":"https:\/\/justpassinthru.de\/en\/wp-json\/wp\/v2\/product_cat?post=30157"},{"taxonomy":"product_tag","embeddable":true,"href":"https:\/\/justpassinthru.de\/en\/wp-json\/wp\/v2\/product_tag?post=30157"}],"curies":[{"name":"wp","href":"https:\/\/api.w.org\/{rel}","templated":true}]}}