{"id":5832,"date":"2022-05-28T13:48:04","date_gmt":"2022-05-28T11:48:04","guid":{"rendered":"https:\/\/justpassinthru.de\/?post_type=product&#038;p=5832"},"modified":"2025-08-14T00:00:43","modified_gmt":"2025-08-13T22:00:43","slug":"loaded-ballona-moby-minicruiser","status":"publish","type":"product","link":"https:\/\/justpassinthru.de\/en\/produkt\/loaded-ballona-moby-minicruiser\/","title":{"rendered":"Loaded Ballona Moby 2022 Complete Minicruiser"},"content":{"rendered":"<h1><span style=\"font-size: 75%;\"><a href=\"https:\/\/justpassinthru.de\/en\/product-category\/brands\/loaded-en\/\"><img loading=\"lazy\" decoding=\"async\" class=\"alignright wp-image-4788\" src=\"https:\/\/justpassinthru.de\/wp-content\/uploads\/2022\/01\/loaded-logo-jpt-skate.jpg\" alt=\"Loaded Ballona Moby 2022 Komplett Minicruiser Just Passin Thru\" width=\"291\" height=\"78\" title=\"\"><\/a>Loaded Ballona Moby 2022 Complete Minicruiser<\/span><\/h1>\n<p><strong>CURVACEOUS CONFIDENCE<\/strong>\u00a0\u2013 Subtle rocker in the standing platform transitions into the unique \u201cWhale Belly\u201d spoon concave in the nose, which locks in the front foot and allows for a secure stance behind or on top of the truck. This also wedges the front truck for dramatically enhanced agility, resulting in a slalom-style steering bias that allows the more stable rear end to track the more nimble front end. The Ballona\u2019s mild concave and generous width ensure a comfortable stance and plenty of leverage and control. A short, wide tail and minimal nose provide optimal maneuverability and leverage for slides and tricks in a compact package.<\/p>\n<p><strong>VERSATILE VARIATIONS<\/strong>\u00a0\u2013 The Ballona includes two wheelbase options for a range of performance characteristics. The outer (16\u201d) wheelbase is designed for reverse-kingpin trucks and\/or more stability, while the inner (14.75\u201d) wheelbase is intended for traditional-kingpin (street) trucks and\/or more maneuverability. The two deck graphics are offered in uniquely curated complete setups; choose\u00a0<strong>Moby<\/strong>\u00a0to slash every driveway in sight or\u00a0<strong>Willy<\/strong>\u00a0for a premium carving and pumping machine.<\/p>\n<p><strong>CLASSIC LAYUP WITH A TWIST<\/strong>\u00a0\u2013 Custom 7-ply maple construction with thicker cross veneers for optimal stiffness, crisp pop, and a smooth ride.<\/p>\n<p><strong>GRAPHICS<\/strong>\u00a0\u2013\u00a0<a href=\"https:\/\/www.instagram.com\/tomasguerena\" target=\"_blank\" rel=\"noopener\" aria-describedby=\"a11y-new-window-external-message\">Tom\u00e1s G\u00fcere\u00f1a<\/a>\u00a0(a.k.a. \u201cscrew\u201d) is influenced by Robert Delaunay, cosmological geometry, Native American art, contemporary urban art, and the marine environment. He created the Willy and Moby Ballona graphics, respectively, through abstract and figurative approaches.<\/p>\n<h2><span style=\"font-size: 80%;\">Loaded Ballona Moby 2022 Setup<\/span><\/h2>\n<ul>\n<li>Loaded Ballona (Moby) Deck<\/li>\n<li>Paris V2 150mm 50\u00b0 Raw Trucks<\/li>\n<li>Orangatang 65mm Fat Free Wheels (86a, yellow)<\/li>\n<li>Loaded Jehu V2 Bearings<\/li>\n<li>Loaded Button Head Hardware (1\u201d)<\/li>\n<\/ul>\n<h3><span style=\"font-size: 85%;\">Loaded Ballona Moby Specs<\/span><\/h3>\n<ul>\n<li>Length: 27.75&#8243; \/ 70,5cm<\/li>\n<li>Width: 9&#8243; \/ 22,9cm<\/li>\n<li>Wheelbase: 14.75-16&#8243; \/ 37,5-40,6cm<\/li>\n<li>Profile: Rocker<\/li>\n<li>Weight (Deck): 2.6lb \/ 1,2kg<\/li>\n<\/ul>\n<p><iframe loading=\"lazy\" title=\"YouTube video player\" src=\"https:\/\/www.youtube.com\/embed\/Y4SzxKIJkXs\" width=\"560\" height=\"315\" frameborder=\"0\" allowfullscreen=\"allowfullscreen\"><\/iframe><\/p>\n<p><iframe loading=\"lazy\" title=\"YouTube video player\" src=\"https:\/\/www.youtube.com\/embed\/N--khx6_DcE\" width=\"560\" height=\"315\" frameborder=\"0\" allowfullscreen=\"allowfullscreen\"><\/iframe><\/p>\n","protected":false},"excerpt":{"rendered":"<p><strong>Loaded Ballona Moby 2022 Complete Minicruiser<\/strong><\/p>\n","protected":false},"featured_media":5835,"comment_status":"closed","ping_status":"closed","template":"","meta":{"inline_featured_image":false},"product_brand":[],"product_cat":[554,1341,512,511,519,553,546],"product_tag":[3823,1617,1611,3887,3889,3891],"class_list":{"0":"post-5832","1":"product","2":"type-product","3":"status-publish","4":"has-post-thumbnail","6":"product_cat-cruiser-skateboards","7":"product_cat-loaded-en","8":"product_cat-longboard-completes","9":"product_cat-longboards-en","10":"product_cat-minicruiser-penny-en","11":"product_cat-skateboard-completes","12":"product_cat-skateboards-en","13":"product_tag-ballona-en","14":"product_tag-loaded-en-2","15":"product_tag-longboard-en-2","16":"product_tag-mini-cruiser-en","17":"product_tag-minicruiser-en","18":"product_tag-moby-en","20":"first","21":"outofstock","22":"taxable","23":"shipping-taxable","24":"purchasable","25":"product-type-simple"},"_links":{"self":[{"href":"https:\/\/justpassinthru.de\/en\/wp-json\/wp\/v2\/product\/5832","targetHints":{"allow":["GET"]}}],"collection":[{"href":"https:\/\/justpassinthru.de\/en\/wp-json\/wp\/v2\/product"}],"about":[{"href":"https:\/\/justpassinthru.de\/en\/wp-json\/wp\/v2\/types\/product"}],"replies":[{"embeddable":true,"href":"https:\/\/justpassinthru.de\/en\/wp-json\/wp\/v2\/comments?post=5832"}],"wp:featuredmedia":[{"embeddable":true,"href":"https:\/\/justpassinthru.de\/en\/wp-json\/wp\/v2\/media\/5835"}],"wp:attachment":[{"href":"https:\/\/justpassinthru.de\/en\/wp-json\/wp\/v2\/media?parent=5832"}],"wp:term":[{"taxonomy":"product_brand","embeddable":true,"href":"https:\/\/justpassinthru.de\/en\/wp-json\/wp\/v2\/product_brand?post=5832"},{"taxonomy":"product_cat","embeddable":true,"href":"https:\/\/justpassinthru.de\/en\/wp-json\/wp\/v2\/product_cat?post=5832"},{"taxonomy":"product_tag","embeddable":true,"href":"https:\/\/justpassinthru.de\/en\/wp-json\/wp\/v2\/product_tag?post=5832"}],"curies":[{"name":"wp","href":"https:\/\/api.w.org\/{rel}","templated":true}]}}