{"id":385,"date":"2021-07-20T17:04:47","date_gmt":"2021-07-20T15:04:47","guid":{"rendered":"https:\/\/justpassinthru.de\/allgemeine-geschaeftsbedingungen\/"},"modified":"2025-07-25T17:32:51","modified_gmt":"2025-07-25T15:32:51","slug":"publichnaya-oferta","status":"publish","type":"page","link":"https:\/\/justpassinthru.de\/ru\/publichnaya-oferta\/","title":{"rendered":"\u041f\u0443\u0431\u043b\u0438\u0447\u043d\u0430\u044f \u043e\u0444\u0435\u0440\u0442\u0430"},"content":{"rendered":"  <div id=\"page-header-709880014\" class=\"page-header-wrapper\">\n  <div class=\"page-title light simple-title\">\n\n    \n    <div class=\"page-title-inner container align-top flex-row medium-flex-wrap\" >\n              <div class=\"title-wrapper uppercase flex-col text-left medium-text-center\">\n          <h1 class=\"entry-title mb-0\">\n            \u041f\u0443\u0431\u043b\u0438\u0447\u043d\u0430\u044f \u043e\u0444\u0435\u0440\u0442\u0430          <\/h1>\n        <\/div>\n                    <div class=\"title-content flex-col flex-right text-right medium-text-center\">\n        <div class=\"title-breadcrumbs pb-half pt-half\"><nav class=\"woocommerce-breadcrumb breadcrumbs uppercase\" aria-label=\"Breadcrumb\">\u0413\u043b\u0430\u0432\u043d\u0430\u044f<\/nav><\/div>      <\/div>\n    <\/div>\n\n     \n<style>\n#page-header-709880014 {\n  margin-bottom: 40px;\n}\n<\/style>\n  <\/div>\n    <\/div>\n  \n\n\t<section class=\"section\" id=\"section_402466334\">\n\t\t<div class=\"section-bg fill\" >\n\t\t\t\t\t\t\t\t\t\n\t\t\t\n\n\t\t<\/div>\n\n\t\t\n\n\t\t<div class=\"section-content relative\">\n\t\t\t\n<div class=\"row\"  id=\"row-1363025274\">\n\n\t<div id=\"col-1293067522\" class=\"col small-12 large-12\"  >\n\t\t\t\t<div class=\"col-inner\"  >\n\t\t\t\n\t\t\t\n<h2>1.\u00a0Geltungsbereich<\/h2>\n<p>F\u00fcr alle Bestellungen \u00fcber unseren Online-Shop gelten die nachfolgenden AGB. Unser Online-Shop richtet sich ausschlie\u00dflich an Verbraucher.<\/p>\n<p>Verbraucher ist jede nat\u00fcrliche Person, die ein Rechtsgesch\u00e4ft zu Zwecken abschlie\u00dft, die \u00fcberwiegend weder ihrer gewerblichen noch ihrer selbst\u00e4ndigen beruflichen T\u00e4tigkeit zugerechnet werden k\u00f6nnen. Unternehmer ist eine nat\u00fcrliche oder juristische Person oder eine rechtsf\u00e4hige Personengesellschaft, die bei Abschluss eines Rechtsgesch\u00e4fts in Aus\u00fcbung ihrer gewerblichen oder selbst\u00e4ndigen beruflichen T\u00e4tigkeit handelt.<\/p>\n<h2>2.\u00a0Vertragspartner, Vertragsschluss, Korrekturm\u00f6glichkeiten<\/h2>\n<p>Der Kaufvertrag kommt zustande mit Igor Schilin.<\/p>\n<p>Mit Einstellung der Produkte in den Online-Shop geben wir ein verbindliches Angebot zum Vertragsschluss \u00fcber diese Artikel ab. Sie k\u00f6nnen unsere Produkte zun\u00e4chst unverbindlich in den Warenkorb legen und Ihre Eingaben vor Absenden Ihrer verbindlichen Bestellung jederzeit korrigieren, indem Sie die hierf\u00fcr im Bestellablauf vorgesehenen und erl\u00e4uterten Korrekturhilfen nutzen. Der Vertrag kommt zustande, indem Sie durch Anklicken des Bestellbuttons das Angebot \u00fcber die im Warenkorb enthaltenen Waren annehmen. Unmittelbar nach dem Absenden der Bestellung erhalten Sie noch einmal eine Best\u00e4tigung per E-Mail.<\/p>\n<h2>3.\u00a0Vertragssprache, Vertragstextspeicherung<\/h2>\n<p>Die f\u00fcr den Vertragsschluss zur Verf\u00fcgung stehende(n) Sprache(n): Deutsch, Englisch<\/p>\n<p>Wir speichern den Vertragstext und senden Ihnen die Bestelldaten und unsere AGB in Textform zu. Den Vertragstext k\u00f6nnen Sie in unserem Kunden-Login einsehen.<\/p>\n<h2>4.\u00a0Lieferbedingungen<\/h2>\n<p>Zuz\u00fcglich zu den angegebenen Produktpreisen kommen noch Versandkosten hinzu. N\u00e4heres zur H\u00f6he der Versandkosten erfahren Sie bei den Angeboten.<\/p>\n<p>Wir liefern nur im Versandweg. Eine Selbstabholung der Ware ist leider nicht m\u00f6glich.<\/p>\n<p>Wir liefern nicht an Packstationen.<\/p>\n<h2>5.\u00a0Bezahlung<\/h2>\n<p>In unserem Shop stehen Ihnen grunds\u00e4tzlich die folgenden Zahlungsarten zur Verf\u00fcgung:<\/p>\n<p><strong>Vorkasse<\/strong><br \/>\nBei Auswahl der Zahlungsart Vorkasse nennen wir Ihnen unsere Bankverbindung in separater E-Mail und liefern die Ware nach Zahlungseingang.<\/p>\n<p><strong>PayPal Plus<\/strong><br \/>\nIn Zusammenarbeit mit dem Zahlungsdienstleister PayPal (Europe) S.\u00e0 r.l. et Cie, S.C.A, 22-24 Boulevard Royal, L-2449 Luxembourg (\u201ePayPal\u201c) bieten wir Ihnen die nachfolgenden Zahlungsoptionen als PayPal Services an. Sofern nachfolgend nichts anderes geregelt ist, setzt die Zahlung \u00fcber PayPal Plus keine Registrierung bei PayPal voraus. Weitere Hinweise erhalten Sie bei der jeweiligen Zahlungsoption und im Bestellvorgang.<\/p>\n<p style=\"margin-left: 40px;\"><strong>PayPal<\/strong><br \/>\nUm den Rechnungsbetrag \u00fcber die Zahlungsoption PayPal bezahlen zu k\u00f6nnen, m\u00fcssen Sie bei PayPal registriert sein, sich mit Ihren Zugangsdaten legitimieren und die Zahlungsanweisung best\u00e4tigen. Die Zahlungstransaktion wird durch PayPal unmittelbar nach Abgabe der Bestellung durchgef\u00fchrt.<\/p>\n<p style=\"margin-left: 40px;\"><strong>Kreditkarte \u00fcber PayPal<\/strong><br \/>\nIhre Karte wird durch PayPal nach Versendung der Ware belastet.<\/p>\n<p style=\"margin-left: 40px;\"><strong>Lastschrift \u00fcber PayPal<\/strong><br \/>\nDie Zahlung per Lastschrift \u00fcber PayPal setzt eine Adress- und Bonit\u00e4tspr\u00fcfung voraus und erfolgt direkt an PayPal. Mit Best\u00e4tigung der Zahlungsanweisung erteilen Sie PayPal ein Lastschriftmandat. \u00dcber das Datum der Kontobelastung werden Sie von PayPal informiert (sog. Prenotification). Die Kontobelastung erfolgt vor Versendung der Ware.<\/p>\n<p><strong>Klarna<\/strong><br \/>\nIn Zusammenarbeit mit dem Zahlungsdienstleister Klarna Bank AB (publ.), Sveav\u00e4gen 46, 111 34 Stockholm, Schweden (\u201eKlarna\u201c) bieten wir Ihnen die nachfolgenden Zahlungsoptionen an. Die Zahlung \u00fcber Klarna ist nur f\u00fcr Verbraucher verf\u00fcgbar. Sofern nachfolgend nichts anderes geregelt ist, setzt die Zahlung \u00fcber Klarna eine erfolgreiche Adress- und Bonit\u00e4tspr\u00fcfung voraus und sie erfolgt direkt an Klarna. Weitere Hinweise erhalten Sie bei der jeweiligen Zahlungsoption und im Bestellprozess.<\/p>\n<p style=\"margin-left: 40px;\"><strong>Ratenkauf \u00fcber Klarna<\/strong><br \/>\nSie k\u00f6nnen den Rechnungsbetrag in monatlichen Raten von mindestens 1\/24 des Gesamtbetrages bezahlen. Die H\u00f6he der Mindestrate betr\u00e4gt 6,95 Euro.<\/p>\n<p style=\"margin-left: 40px;\"><strong>Klarna Lastschrift<\/strong><br \/>\nSie erteilen Klarna ein SEPA-Lastschriftmandat. \u00dcber das Datum der Kontobelastung wird Sie Klarna informieren (sog. Prenotification). Die Kontobelastung erfolgt nach Versand der Ware.<\/p>\n<p style=\"margin-left: 40px;\"><strong>Klarna Kreditkarte<\/strong><br \/>\nIm Bestellprozess geben Sie Ihre Kreditkartendaten an. Ihre Karte wird durch Klarna unmittelbar nach Abgabe der Bestellung belastet. Eine Adress- und Bonit\u00e4tspr\u00fcfung findet nicht statt.<\/p>\n<h2>6.\u00a0Eigentumsvorbehalt\u200b\u200b\u200b\u200b\u200b\u200b\u200b<\/h2>\n<p>Die Ware bleibt bis zur vollst\u00e4ndigen Bezahlung unser Eigentum.<\/p>\n<h2>7.\u00a0Transportsch\u00e4den\u200b\u200b\u200b\u200b\u200b\u200b\u200b<\/h2>\n<p>Werden Waren mit offensichtlichen Transportsch\u00e4den angeliefert, so reklamieren Sie solche Fehler bitte m\u00f6glichst sofort beim Zusteller und nehmen Sie bitte unverz\u00fcglich Kontakt zu uns auf. Die Vers\u00e4umung einer Reklamation oder Kontaktaufnahme hat f\u00fcr Ihre gesetzlichen Anspr\u00fcche und deren Durchsetzung, insbesondere Ihre Gew\u00e4hrleistungsrechte, keinerlei Konsequenzen. Sie helfen uns aber, unsere eigenen Anspr\u00fcche gegen\u00fcber dem Frachtf\u00fchrer bzw. der Transportversicherung geltend machen zu k\u00f6nnen.<\/p>\n<h2>8.\u00a0Gew\u00e4hrleistung und Garantien\u200b\u200b\u200b\u200b\u200b\u200b\u200b<\/h2>\n<p><strong>Geltung des gesetzlichen M\u00e4ngelhaftungsrechts<\/strong><\/p>\n<p>Soweit nicht nachstehend ausdr\u00fccklich anders vereinbart, gilt das gesetzliche M\u00e4ngelhaftungsrecht.<br \/>\nDie nachstehenden Einschr\u00e4nkungen und Fristverk\u00fcrzungen gelten nicht f\u00fcr Anspr\u00fcche aufgrund von Sch\u00e4den, die durch uns, unsere gesetzlichen Vertreter oder Erf\u00fcllungsgehilfen verursacht wurden<\/p>\n<ul>\n<li>bei Verletzung des Lebens, des K\u00f6rpers oder der Gesundheit<\/li>\n<li>bei vors\u00e4tzlicher oder grob fahrl\u00e4ssiger Pflichtverletzung sowie Arglist<\/li>\n<li>bei Verletzung wesentlicher Vertragspflichten, deren Erf\u00fcllung die ordnungsgem\u00e4\u00dfe Durchf\u00fchrung des Vertrages \u00fcberhaupt erst erm\u00f6glicht und auf deren Einhaltung der Vertragspartner regelm\u00e4\u00dfig vertrauen darf (Kardinalpflichten)<\/li>\n<li>im Rahmen eines Garantieversprechens, soweit vereinbart, oder<\/li>\n<li>soweit der Anwendungsbereich des Produkthaftungsgesetzes er\u00f6ffnet ist.<\/li>\n<\/ul>\n<p><strong>Beschr\u00e4nkungen gegen\u00fcber Verbrauchern<\/strong><\/p>\n<p>Beim Kauf gebrauchter Waren durch Verbraucher gilt: wenn der Mangel nach Ablauf eines Jahres ab Ablieferung der Ware auftritt, sind die M\u00e4ngelanspr\u00fcche ausgeschlossen. M\u00e4ngel, die innerhalb eines Jahres ab Ablieferung der Ware auftreten, k\u00f6nnen im Rahmen der gesetzlichen Verj\u00e4hrungsfrist von zwei Jahren ab Ablieferung der Ware geltend gemacht werden.<\/p>\n<p><strong>Garantien und Kundendienst<\/strong><\/p>\n<p>Informationen zu gegebenenfalls geltenden zus\u00e4tzlichen Garantien und deren genaue Bedingungen finden Sie jeweils beim Produkt und auf besonderen Informationsseiten im Online-Shop.<\/p>\n<h2>9.\u00a0Haftung\u200b\u200b\u200b\u200b\u200b\u200b\u200b<\/h2>\n<p>F\u00fcr Anspr\u00fcche aufgrund von Sch\u00e4den, die durch uns, unsere gesetzlichen Vertreter oder Erf\u00fcllungsgehilfen verursacht wurden, haften wir stets unbeschr\u00e4nkt<\/p>\n<ul>\n<li>bei Verletzung des Lebens, des K\u00f6rpers oder der Gesundheit,<\/li>\n<li>bei vors\u00e4tzlicher oder grob fahrl\u00e4ssiger Pflichtverletzung,<\/li>\n<li>bei Garantieversprechen, soweit vereinbart, oder<\/li>\n<li>soweit der Anwendungsbereich des Produkthaftungsgesetzes er\u00f6ffnet ist.<\/li>\n<\/ul>\n<p>Bei Verletzung wesentlicher Vertragspflichten, deren Erf\u00fcllung die ordnungsgem\u00e4\u00dfe Durchf\u00fchrung des Vertrages \u00fcberhaupt erst erm\u00f6glicht und auf deren Einhaltung der Vertragspartner regelm\u00e4\u00dfig vertrauen darf, (Kardinalpflichten) durch leichte Fahrl\u00e4ssigkeit von uns, unseren gesetzlichen Vertretern oder Erf\u00fcllungsgehilfen ist die Haftung der H\u00f6he nach auf den bei Vertragsschluss vorhersehbaren Schaden begrenzt, mit dessen Entstehung typischerweise gerechnet werden muss.<br \/>\nIm \u00dcbrigen sind Anspr\u00fcche auf Schadensersatz ausgeschlossen.<\/p>\n<h2>10.\u00a0Streitbeilegung\u200b\u200b\u200b\u200b\u200b\u200b\u200b<\/h2>\n<p>Zur Teilnahme an einem Streitbeilegungsverfahren vor einer Verbraucherschlichtungsstelle sind wir nicht verpflichtet und nicht bereit.<\/p>\n<p><i><a title=\"AGB\" href=\"https:\/\/legal.trustedshops.com\/produkte\/rechtstexter\" target=\"_blank\" rel=\"noopener\">AGB<\/a> erstellt mit dem <a title=\"Trusted Shops\" href=\"https:\/\/legal.trustedshops.com\/\" target=\"_blank\" rel=\"noopener\">Trusted Shops<\/a> Rechtstexter in Kooperation mit <a title=\"F\u00d6HLISCH Rechtsanw\u00e4lte\" href=\"https:\/\/foehlisch.com\" target=\"_blank\" rel=\"nofollow noopener\">F\u00d6HLISCH Rechtsanw\u00e4lte<\/a>.<\/i><\/p>\n\t\t<\/div>\n\t\t\t\t\n<style>\n#col-1293067522 > .col-inner {\n  padding: 0 0px 0px 0px;\n  margin: 0 0px 0px 0px;\n}\n<\/style>\n\t<\/div>\n\n\t\n\n<style>\n#row-1363025274 > .col > .col-inner {\n  padding: 0 0px 0px 0px;\n}\n<\/style>\n<\/div>\n\t\t<\/div>\n\n\t\t\n<style>\n#section_402466334 {\n  padding-top: 0px;\n  padding-bottom: 0px;\n  margin-bottom: 0px;\n}\n<\/style>\n\t<\/section>\n\t\n","protected":false},"excerpt":{"rendered":"","protected":false},"author":1,"featured_media":0,"parent":0,"menu_order":0,"comment_status":"closed","ping_status":"open","template":"","meta":{"inline_featured_image":false,"footnotes":""},"class_list":["post-385","page","type-page","status-publish","hentry"],"_links":{"self":[{"href":"https:\/\/justpassinthru.de\/ru\/wp-json\/wp\/v2\/pages\/385","targetHints":{"allow":["GET"]}}],"collection":[{"href":"https:\/\/justpassinthru.de\/ru\/wp-json\/wp\/v2\/pages"}],"about":[{"href":"https:\/\/justpassinthru.de\/ru\/wp-json\/wp\/v2\/types\/page"}],"author":[{"embeddable":true,"href":"https:\/\/justpassinthru.de\/ru\/wp-json\/wp\/v2\/users\/1"}],"replies":[{"embeddable":true,"href":"https:\/\/justpassinthru.de\/ru\/wp-json\/wp\/v2\/comments?post=385"}],"version-history":[{"count":2,"href":"https:\/\/justpassinthru.de\/ru\/wp-json\/wp\/v2\/pages\/385\/revisions"}],"predecessor-version":[{"id":35160,"href":"https:\/\/justpassinthru.de\/ru\/wp-json\/wp\/v2\/pages\/385\/revisions\/35160"}],"wp:attachment":[{"href":"https:\/\/justpassinthru.de\/ru\/wp-json\/wp\/v2\/media?parent=385"}],"curies":[{"name":"wp","href":"https:\/\/api.w.org\/{rel}","templated":true}]}}