{"id":10325,"date":"2023-04-15T22:00:35","date_gmt":"2023-04-15T20:00:41","guid":{"rendered":"https:\/\/justpassinthru.de\/?post_type=product&#038;p=10325"},"modified":"2024-04-26T12:43:40","modified_gmt":"2024-04-26T10:43:40","slug":"shark-wheels-dna-72mm-78a-longboard-wheels","status":"publish","type":"product","link":"https:\/\/justpassinthru.de\/ru\/produkt\/shark-wheels-dna-72mm-78a-longboard-wheels\/","title":{"rendered":"Shark Wheels DNA 72mm 78a &#8212; Longboard Wheels"},"content":{"rendered":"<p>Shark Wheels bieten neben ihrem au\u00dfergew\u00f6hnlichem Eyecatcher-Design, sehr gute Grip-Eigenschaften bei nasser Fahrban und ist damit die Regen-Rolle schlechthin. Auch bei unwegsamen Untergrund wie z.B. Splitt bieten die 72mm DNA deutlich bessere Rolle und Gripeigenschaften als herk\u00f6mmliche Longboard-Rollen.<br \/>\nWer eine Rolle mit gutem Grip f\u00fcr Rain-Sessions oder einen einzigartigen Hingucker f\u00fcr sein Longboard sucht, sollte diese Wheels unbedingt ausprobieren.<\/p>\n<ul>\n<li>Mehr Grip- und Slide-Kontrolle<\/li>\n<li>Weniger Kontakt -&gt; Weniger Reibung -&gt; mehr Speed<\/li>\n<li>Bessere Bodenhaftung auf verschiedenstem Terrain<\/li>\n<li>Beste Rolle der Welt f\u00fcr unwegsames Gel\u00e4nde (Kieselsteine, Ger\u00f6ll, Sand, Wasser, etc.).<\/li>\n<li>Durchmesser: 72mm<\/li>\n<li>H\u00e4rte: 78a<\/li>\n<\/ul>\n<p><iframe loading=\"lazy\" title=\"YouTube video player\" src=\"https:\/\/www.youtube.com\/embed\/OsIZpxMvURQ\" width=\"560\" height=\"315\" frameborder=\"0\" allowfullscreen=\"allowfullscreen\"><\/iframe><\/p>\n","protected":false},"excerpt":{"rendered":"<p><strong>\u0426\u0435\u043d\u0430 \u0437\u0430 \u043a\u043e\u043c\u043f\u043b\u0435\u043a\u0442 (4 \u043a\u043e\u043b\u0435\u0441\u0430)<\/strong><\/p>\n","protected":false},"featured_media":10447,"comment_status":"closed","ping_status":"closed","template":"","meta":{"inline_featured_image":false},"product_brand":[],"product_cat":[1369,1343,1363],"product_tag":[2143,7667,1714,7994,1739],"class_list":{"0":"post-10325","1":"product","2":"type-product","3":"status-publish","4":"has-post-thumbnail","6":"product_cat-kolyosa-longbordov","7":"product_cat-longbordy","8":"product_cat-prinadlezhnosti-dlya-longbordov","9":"product_tag-72mm-ru","10":"product_tag-amber","11":"product_tag-clear-ru","12":"product_tag-dna","13":"product_tag-red-ru","15":"first","16":"instock","17":"taxable","18":"shipping-taxable","19":"purchasable","20":"product-type-variable"},"_links":{"self":[{"href":"https:\/\/justpassinthru.de\/ru\/wp-json\/wp\/v2\/product\/10325","targetHints":{"allow":["GET"]}}],"collection":[{"href":"https:\/\/justpassinthru.de\/ru\/wp-json\/wp\/v2\/product"}],"about":[{"href":"https:\/\/justpassinthru.de\/ru\/wp-json\/wp\/v2\/types\/product"}],"replies":[{"embeddable":true,"href":"https:\/\/justpassinthru.de\/ru\/wp-json\/wp\/v2\/comments?post=10325"}],"wp:featuredmedia":[{"embeddable":true,"href":"https:\/\/justpassinthru.de\/ru\/wp-json\/wp\/v2\/media\/10447"}],"wp:attachment":[{"href":"https:\/\/justpassinthru.de\/ru\/wp-json\/wp\/v2\/media?parent=10325"}],"wp:term":[{"taxonomy":"product_brand","embeddable":true,"href":"https:\/\/justpassinthru.de\/ru\/wp-json\/wp\/v2\/product_brand?post=10325"},{"taxonomy":"product_cat","embeddable":true,"href":"https:\/\/justpassinthru.de\/ru\/wp-json\/wp\/v2\/product_cat?post=10325"},{"taxonomy":"product_tag","embeddable":true,"href":"https:\/\/justpassinthru.de\/ru\/wp-json\/wp\/v2\/product_tag?post=10325"}],"curies":[{"name":"wp","href":"https:\/\/api.w.org\/{rel}","templated":true}]}}