{"id":14025,"date":"2023-09-05T22:46:26","date_gmt":"2023-09-05T20:46:26","guid":{"rendered":"https:\/\/justpassinthru.de\/?post_type=product&#038;p=14025"},"modified":"2023-09-16T09:01:41","modified_gmt":"2023-09-16T07:01:41","slug":"dogtown-suicidal-skates-mike-vallely-possessed-to-skate-barnyard-90s-skateboard-deck","status":"publish","type":"product","link":"https:\/\/justpassinthru.de\/ru\/produkt\/dogtown-suicidal-skates-mike-vallely-possessed-to-skate-barnyard-90s-skateboard-deck\/","title":{"rendered":"Dogtown Suicidal Skates Mike Vallely Possessed To Skate Barnyard 90s Skateboard \u0434\u043e\u0441\u043a\u0430"},"content":{"rendered":"<h1><img loading=\"lazy\" decoding=\"async\" class=\"alignright wp-image-14026\" src=\"https:\/\/justpassinthru.de\/wp-content\/uploads\/2023\/09\/dogtown-jpt-skate.png\" alt=\"Dogtown Suicidal Skates Mike Vallely Possessed To Skate Barnyard 90s Skateboard Deck\" width=\"111\" height=\"137\" title=\"\"><span style=\"font-size: 85%;\">Dogtown Suicidal Skates Mike Vallely Possessed To Skate Barnyard 90s Skateboard Deck<\/span><\/h1>\n<p>\u00dcber die Jahre lebten Jim, sein Bruder Mike Muir von Suicidal Tendencies und Mike V &#171;an dem Ort wo Skateboarding und Punk Rock Musik sich kreuzten&#187; &#8212; sagten ihre Gedanken frei heraus und machten ihr Ding auf ihre Art und Weise. 25+ Jahre sp\u00e4ter bringen dich, Mike V, der sehr respektiert wird f\u00fcr seinen Beitrag und Geschichte zum Skateboarding, Mike Muir, Lead S\u00e4nger und Gr\u00fcnder von Suicidal Tendencies und Jim Muir, welcher 2014 in die Skateboarding Hall of Fame aufgenommen wurde, zu diesem ganz besonderem Collaboration Deck.<\/p>\n<p>F\u00fcr den Release 2022 haben Suicidal Tendencies und Mike V das ikonische Barnyard Shape gew\u00e4hlt, welches Mike V&#8217;s welt-erstes industriell gefertigtes Pro Model war.<br \/>\nDieses Shape ist legend\u00e4r, denn es war eines der ersten Decks mit einer vollen Nose, identisch zum Tail Shape, welches in beide Richtungen geskatet werden konnte. Das war ein gro\u00dfer Meilenstein in Richhtung des Designs des modernen Popsicle Shapes das wir von heute kennen. Diese Art von Deck er\u00f6ffnette auch im Skateboarding Switch Tricks und eine Evolution im Street Skating. Das Deck wurde authentisch nach den OG Specs geshaped.<\/p>\n<p>Streng limitierte Auflage. Nur sehr begrenzte Mengen weltweit verf\u00fcgbar.<\/p>\n<h1><span style=\"font-size: 85%;\">Dogtown Suicidal Skates Mike Vallely Possessed To Skate Barnyard 90s Specs<\/span><\/h1>\n<p>Width: 9.5&#8243;<br \/>\nLength: 30.95&#8243;<br \/>\nWheelbase: 14.375\u2033<br \/>\nKonstruktion: 7-ply Maple<\/p>\n","protected":false},"excerpt":{"rendered":"<p><strong>\u0422\u043e\u043b\u044c\u043a\u043e \u0434\u043e\u0441\u043a\u0430<br \/>\n<\/strong><\/p>\n","protected":false},"featured_media":14031,"comment_status":"closed","ping_status":"closed","template":"","meta":{"inline_featured_image":false},"product_brand":[],"product_cat":[4547,1382,1383,1384,1380,1379],"product_tag":[7585,7726,4606,2749,2336,2945],"class_list":{"0":"post-14025","1":"product","2":"type-product","3":"status-publish","4":"has-post-thumbnail","6":"product_cat-dogtown-ru","7":"product_cat-oldschool-ru","8":"product_cat-pool-park-ru","9":"product_cat-reissues-ru","10":"product_cat-doski","11":"product_cat-skejtbordy","12":"product_tag-90s","13":"product_tag-barnyard","14":"product_tag-dogtown-ru","15":"product_tag-skateboard-ru","16":"product_tag-doska","17":"product_tag-skejt","19":"first","20":"outofstock","21":"taxable","22":"shipping-taxable","23":"purchasable","24":"product-type-simple"},"_links":{"self":[{"href":"https:\/\/justpassinthru.de\/ru\/wp-json\/wp\/v2\/product\/14025","targetHints":{"allow":["GET"]}}],"collection":[{"href":"https:\/\/justpassinthru.de\/ru\/wp-json\/wp\/v2\/product"}],"about":[{"href":"https:\/\/justpassinthru.de\/ru\/wp-json\/wp\/v2\/types\/product"}],"replies":[{"embeddable":true,"href":"https:\/\/justpassinthru.de\/ru\/wp-json\/wp\/v2\/comments?post=14025"}],"wp:featuredmedia":[{"embeddable":true,"href":"https:\/\/justpassinthru.de\/ru\/wp-json\/wp\/v2\/media\/14031"}],"wp:attachment":[{"href":"https:\/\/justpassinthru.de\/ru\/wp-json\/wp\/v2\/media?parent=14025"}],"wp:term":[{"taxonomy":"product_brand","embeddable":true,"href":"https:\/\/justpassinthru.de\/ru\/wp-json\/wp\/v2\/product_brand?post=14025"},{"taxonomy":"product_cat","embeddable":true,"href":"https:\/\/justpassinthru.de\/ru\/wp-json\/wp\/v2\/product_cat?post=14025"},{"taxonomy":"product_tag","embeddable":true,"href":"https:\/\/justpassinthru.de\/ru\/wp-json\/wp\/v2\/product_tag?post=14025"}],"curies":[{"name":"wp","href":"https:\/\/api.w.org\/{rel}","templated":true}]}}