{"id":14162,"date":"2023-09-11T05:36:17","date_gmt":"2023-09-11T03:36:17","guid":{"rendered":"https:\/\/justpassinthru.de\/?post_type=product&#038;p=14162"},"modified":"2026-03-22T14:44:52","modified_gmt":"2026-03-22T13:44:52","slug":"carver-x-santa-cruz-31-52-flame-dot-shark-komplett-surfskate","status":"publish","type":"product","link":"https:\/\/justpassinthru.de\/ru\/produkt\/carver-x-santa-cruz-31-52-flame-dot-shark-komplett-surfskate\/","title":{"rendered":"Carver x Santa Cruz 31.52&#8243; Flame Dot Shark Komplett Surfskate"},"content":{"rendered":"<p><a href=\"https:\/\/justpassinthru.de\/ru\/product-category\/brendy\/carver-ru\/\"><img loading=\"lazy\" decoding=\"async\" class=\"alignright wp-image-5241\" src=\"https:\/\/justpassinthru.de\/wp-content\/uploads\/2022\/05\/carver-logo-1-600x600.jpg\" alt=\"Carver x Santa Cruz Complete Surfskate \" width=\"111\" height=\"111\" title=\"\" srcset=\"https:\/\/justpassinthru.de\/wp-content\/uploads\/2022\/05\/carver-logo-1-600x600.jpg 600w, https:\/\/justpassinthru.de\/wp-content\/uploads\/2022\/05\/carver-logo-1-247x247.jpg 247w, https:\/\/justpassinthru.de\/wp-content\/uploads\/2022\/05\/carver-logo-1-100x100.jpg 100w, https:\/\/justpassinthru.de\/wp-content\/uploads\/2022\/05\/carver-logo-1-510x510.jpg 510w, https:\/\/justpassinthru.de\/wp-content\/uploads\/2022\/05\/carver-logo-1-150x150.jpg 150w, https:\/\/justpassinthru.de\/wp-content\/uploads\/2022\/05\/carver-logo-1-768x768.jpg 768w, https:\/\/justpassinthru.de\/wp-content\/uploads\/2022\/05\/carver-logo-1-300x300.jpg 300w, https:\/\/justpassinthru.de\/wp-content\/uploads\/2022\/05\/carver-logo-1.jpg 1200w\" sizes=\"auto, (max-width: 111px) 100vw, 111px\" \/><\/a><\/p>\n<h1><span style=\"font-size: 80%;\"><a href=\"https:\/\/justpassinthru.de\/ru\/product-category\/brendy\/santa-cruz-ru\/\"><img loading=\"lazy\" decoding=\"async\" class=\"alignright wp-image-4583\" src=\"https:\/\/justpassinthru.de\/wp-content\/uploads\/2022\/04\/santa-cruz-logo-skate-jpt.jpg\" alt=\"Carver x Santa Cruz Complete Surfskate\" width=\"119\" height=\"109\" title=\"\"><\/a>Carver x Santa Cruz 31.52&#8243; Classic Dot Pig Complete Surfskate CX<br \/>\n<\/span><\/h1>\n<p>Santa Cruz and Carver Skateboards, both well known for superior quality and style did a collabo line. That&#8217;s your chance to get a surfskate from the leading manufacturer Carver with the style of santa cruz.<\/p>\n<p>Surfskate complete. Unbox and skate.<\/p>\n<h2><span style=\"font-size: 80%;\">Carver x Santa Cruz 31.52&#8243; Flame Dot Shark Surfskate Specs<\/span><\/h2>\n<ul>\n<li style=\"list-style-type: none;\">\n<ul>\n<li style=\"list-style-type: none;\">\n<ul>\n<li>Kollaboration von Santa Cruz Skateboards und dem Surfskate Marktf\u00fchrer, Carver Surfskate.<\/li>\n<li>7Ply Deck bestehend aus 7 Schichten nordamerikanischen Ahornholz<\/li>\n<li>Santa Cruz Flame Dot Print<\/li>\n<li>CX Achsensystem von Carver f\u00fcr optimales Surfskatefeeling<\/li>\n<li>Achsen haben Hollow-Achsstifte und -Kingpins f\u00fcr erh\u00f6hte Stabilit\u00e4t und geringeres Gewicht<\/li>\n<li>60mm 78a OJ Hot Juice<\/li>\n<li>L\u00e4nge: 31.52&#8243;<\/li>\n<li>Breite: 9.85&#8243;<\/li>\n<li>Wheelbase: 16.00&#8243;<\/li>\n<\/ul>\n<\/li>\n<\/ul>\n<\/li>\n<\/ul>\n","protected":false},"excerpt":{"rendered":"<p><strong>Carver x Santa Cruz 31.52&#8243; Flame Dot Shark Komplett Surfskate \u0432 \u0441\u0431\u043e\u0440\u0435<\/strong><\/p>\n","protected":false},"featured_media":14168,"comment_status":"closed","ping_status":"closed","template":"","meta":{"inline_featured_image":false},"product_brand":[],"product_cat":[1314,3598,1353,2642,1343,1344],"product_tag":[2861,2731,3539,4865,4936,5202,8123,4882,3053,3193,7673],"class_list":{"0":"post-14162","1":"product","2":"type-product","3":"status-publish","4":"has-post-thumbnail","6":"product_cat-carver-ru","7":"product_cat-santa-cruz-ru","8":"product_cat-surfskates-ru","9":"product_cat-brendy","10":"product_cat-longbordy","11":"product_cat-longbordy-v-sbore","12":"product_tag-carver-ru","13":"product_tag-classic-ru","14":"product_tag-collab-ru","15":"product_tag-cruz-ru","16":"product_tag-cx-ru","17":"product_tag-dot-ru","18":"product_tag-flame","19":"product_tag-santa-ru","20":"product_tag-skateboards-ru","21":"product_tag-surfskate-ru","22":"product_tag-predlozhenie","24":"first","25":"instock","26":"sale","27":"taxable","28":"shipping-taxable","29":"purchasable","30":"product-type-simple"},"_links":{"self":[{"href":"https:\/\/justpassinthru.de\/ru\/wp-json\/wp\/v2\/product\/14162","targetHints":{"allow":["GET"]}}],"collection":[{"href":"https:\/\/justpassinthru.de\/ru\/wp-json\/wp\/v2\/product"}],"about":[{"href":"https:\/\/justpassinthru.de\/ru\/wp-json\/wp\/v2\/types\/product"}],"replies":[{"embeddable":true,"href":"https:\/\/justpassinthru.de\/ru\/wp-json\/wp\/v2\/comments?post=14162"}],"wp:featuredmedia":[{"embeddable":true,"href":"https:\/\/justpassinthru.de\/ru\/wp-json\/wp\/v2\/media\/14168"}],"wp:attachment":[{"href":"https:\/\/justpassinthru.de\/ru\/wp-json\/wp\/v2\/media?parent=14162"}],"wp:term":[{"taxonomy":"product_brand","embeddable":true,"href":"https:\/\/justpassinthru.de\/ru\/wp-json\/wp\/v2\/product_brand?post=14162"},{"taxonomy":"product_cat","embeddable":true,"href":"https:\/\/justpassinthru.de\/ru\/wp-json\/wp\/v2\/product_cat?post=14162"},{"taxonomy":"product_tag","embeddable":true,"href":"https:\/\/justpassinthru.de\/ru\/wp-json\/wp\/v2\/product_tag?post=14162"}],"curies":[{"name":"wp","href":"https:\/\/api.w.org\/{rel}","templated":true}]}}