{"id":24219,"date":"2024-07-09T21:56:10","date_gmt":"2024-07-09T19:56:10","guid":{"rendered":"https:\/\/justpassinthru.de\/?post_type=product&#038;p=24219"},"modified":"2024-07-12T20:53:55","modified_gmt":"2024-07-12T18:53:55","slug":"santa-cruz-jeff-kendall-jagermeister-deer-10-reissue-deck","status":"publish","type":"product","link":"https:\/\/justpassinthru.de\/ru\/produkt\/santa-cruz-jeff-kendall-jagermeister-deer-10-reissue-deck\/","title":{"rendered":"Santa Cruz Jeff Kendall J\u00e4germeister Deer 10&#8243; Reissue \u0434\u043e\u0441\u043a\u0430"},"content":{"rendered":"<div id=\"description\" class=\"tab-pane fade in active\" role=\"tabpanel\">\n<div class=\"product-description\">\n<h2><a href=\"https:\/\/justpassinthru.de\/ru\/product-category\/brendy\/santa-cruz-ru\/\"><img loading=\"lazy\" decoding=\"async\" class=\"alignright wp-image-4583\" src=\"https:\/\/justpassinthru.de\/wp-content\/uploads\/2022\/04\/santa-cruz-logo-skate-jpt.jpg\" alt=\"Santa Cruz Logo\" width=\"150\" height=\"137\" title=\"\"><\/a>Santa Cruz Jeff Kendall J\u00e4germeister Deer 10&#8243; Reissue \u0434\u043e\u0441\u043a\u0430<\/h2>\n<p>Santa Cruz Skateboards J\u00ebff K\u00ebndall J\u00e4germeister Reissue deck featuring spott matte and metallic OG graphics on black stained veneers and fully authorized Santa Cruz X J\u00e4germeister top graphic with decktop laser etched reissue logo. Please Drink Responsibly. This item is intended for people of legal drinking age.<\/p>\n<p>7 ply North American Maple pressed individually using epoxy &#8212; making a strong, responsive deck with long lasting pop and consistent concave and kick.<\/p>\n<p>Cruz Missile II concave is Santa Cruz&#8217;s infamous tech concave from the 1980s with aggressive, multi-dimensional side to side concave and tail kick along with forward set rocker that comfortably lock in your feet in key areas for a completely unique riding experience &#8212; cruising the streets or skating transition on old school or shaped decks with longer tail than nose.<\/p>\n<h3><span style=\"font-size: 100%;\">Santa Cruz Jeff Kendall J\u00e4germeister Deer Specs<\/span><\/h3>\n<ul>\n<li>Deck Construction 7-ply<\/li>\n<li>Deck Length (Inches) 30.99<\/li>\n<li>Deck Noselength (Inches) 5.07<\/li>\n<li>Deck Shape SC-408<\/li>\n<li>Deck Taillength (Inches) 6.60<\/li>\n<li>Deck Wheelbase (Inches) 14.625 x 15.125<\/li>\n<li>Deck Width (Inches) 10.18<\/li>\n<\/ul>\n<\/div>\n<\/div>\n","protected":false},"excerpt":{"rendered":"<p><strong>\u0422\u043e\u043b\u044c\u043a\u043e \u0434\u043e\u0441\u043a\u0430.<\/strong><\/p>\n","protected":false},"featured_media":24222,"comment_status":"closed","ping_status":"closed","template":"","meta":{"inline_featured_image":false},"product_brand":[],"product_cat":[1382,1383,1384,3598,2642,1380],"product_tag":[4865,8000,4348,3328,4882,2749,2336],"class_list":{"0":"post-24219","1":"product","2":"type-product","3":"status-publish","4":"has-post-thumbnail","6":"product_cat-oldschool-ru","7":"product_cat-pool-park-ru","8":"product_cat-reissues-ru","9":"product_cat-santa-cruz-ru","10":"product_cat-brendy","11":"product_cat-doski","12":"product_tag-cruz-ru","13":"product_tag-deer","14":"product_tag-kendall-ru","15":"product_tag-reissue-ru","16":"product_tag-santa-ru","17":"product_tag-skateboard-ru","18":"product_tag-doska","20":"first","21":"outofstock","22":"taxable","23":"shipping-taxable","24":"purchasable","25":"product-type-variable"},"_links":{"self":[{"href":"https:\/\/justpassinthru.de\/ru\/wp-json\/wp\/v2\/product\/24219","targetHints":{"allow":["GET"]}}],"collection":[{"href":"https:\/\/justpassinthru.de\/ru\/wp-json\/wp\/v2\/product"}],"about":[{"href":"https:\/\/justpassinthru.de\/ru\/wp-json\/wp\/v2\/types\/product"}],"replies":[{"embeddable":true,"href":"https:\/\/justpassinthru.de\/ru\/wp-json\/wp\/v2\/comments?post=24219"}],"wp:featuredmedia":[{"embeddable":true,"href":"https:\/\/justpassinthru.de\/ru\/wp-json\/wp\/v2\/media\/24222"}],"wp:attachment":[{"href":"https:\/\/justpassinthru.de\/ru\/wp-json\/wp\/v2\/media?parent=24219"}],"wp:term":[{"taxonomy":"product_brand","embeddable":true,"href":"https:\/\/justpassinthru.de\/ru\/wp-json\/wp\/v2\/product_brand?post=24219"},{"taxonomy":"product_cat","embeddable":true,"href":"https:\/\/justpassinthru.de\/ru\/wp-json\/wp\/v2\/product_cat?post=24219"},{"taxonomy":"product_tag","embeddable":true,"href":"https:\/\/justpassinthru.de\/ru\/wp-json\/wp\/v2\/product_tag?post=24219"}],"curies":[{"name":"wp","href":"https:\/\/api.w.org\/{rel}","templated":true}]}}