{"id":24534,"date":"2024-07-13T04:06:00","date_gmt":"2024-07-13T02:06:00","guid":{"rendered":"https:\/\/justpassinthru.de\/?post_type=product&#038;p=24534"},"modified":"2025-11-20T08:26:41","modified_gmt":"2025-11-20T07:26:41","slug":"vision-joe-johnson-hieroglyphics-reissue-10-25-doska","status":"publish","type":"product","link":"https:\/\/justpassinthru.de\/ru\/produkt\/vision-joe-johnson-hieroglyphics-reissue-10-25-doska\/","title":{"rendered":"Vision Joe Johnson Hieroglyphics Reissue 10.25&#8243; \u0434\u043e\u0441\u043a\u0430"},"content":{"rendered":"<h2>Vision Joe Johnson Hieroglyphics Reissue 10.25&#8243; \u0434\u043e\u0441\u043a\u0430<br \/>\n<img loading=\"lazy\" decoding=\"async\" class=\"alignright wp-image-9851\" src=\"https:\/\/justpassinthru.de\/wp-content\/uploads\/2022\/01\/vision-skateboards-logo-jpt-skate-e1720836523677.jpg\" alt=\"Vision Skateboards Logo Just Passin Thru Skateboarding\" width=\"150\" height=\"81\" title=\"\"><\/h2>\n<p>Das einzig wahre, ikonische Vision Joe Johnson Hieroglyphics Reissue Deck hat seinen Weg zur\u00fcck in die Gegenwart aus den 80er Jahren gefunden.<\/p>\n<p>Ein klassisches Vision Reissue mit dem selben Shape und Concave wie damals. Mit dem aalglatten Shape und der herausragenden Grafik ist es unwiderstehlich. Die recht lange Wheelbase von 15.5&#8243; bringt mit sich, dass es super ist um Pools, gro\u00dfe Pipes und Hills zu skaten, denn sie sorgt f\u00fcr zus\u00e4tzliche Stabilit\u00e4t.<\/p>\n<p>Das oldschool Concave gibt dir das klassische Gef\u00fchl und das originale Shape und die Grafik sorgen f\u00fcr extra Style Punkte!Gleichzeitig ist es sch\u00f6n bequem und auch sehr gut f\u00fcr Cruiser Setups geeignet.<\/p>\n<p>Die Konstruktion aus feinstem 7-Ply Hardrock Maple wurde in den USA hergestellt, ist hochwertig, langlebig und bew\u00e4hrt.<\/p>\n<div>\n<h3>Vision Joe Johnson Hieroglyphics Reissue Specs<\/h3>\n<ul>\n<li>Joe Johnson Pro Deck<\/li>\n<li>Breite: 10.25&#8243;<\/li>\n<li>L\u00e4nge: 30.75\u2033<\/li>\n<li>Wheelbase: 15.5\u2033<\/li>\n<li>7 Ply Hardrock Maple<\/li>\n<li>Made in USA<\/li>\n<li>Reissue<\/li>\n<\/ul>\n<p><iframe loading=\"lazy\" title=\"YouTube video player\" src=\"https:\/\/www.youtube.com\/embed\/F0UWfDSaqD0?si=2soDLDUnX42OQGlw\" width=\"560\" height=\"315\" frameborder=\"0\" allowfullscreen=\"allowfullscreen\"><\/iframe><\/p>\n<\/div>\n","protected":false},"excerpt":{"rendered":"<p><strong>\u0414\u043e\u0441\u043a\u0430 \u0431\u0435\u0437 \u043d\u0430\u0436\u0434\u0430\u0447\u043a\u0438.<br \/>\n\u041f\u043e\u0436\u0430\u043b\u0443\u0439\u0441\u0442\u0430 \u0432\u044b\u0431\u0435\u0440\u0438 \u0446\u0432\u0435\u0442.<br \/>\n<\/strong><\/p>\n","protected":false},"featured_media":24561,"comment_status":"closed","ping_status":"closed","template":"","meta":{"inline_featured_image":false},"product_brand":[],"product_cat":[1382,1383,1384,6638,1380,1379],"product_tag":[3557,5337,3894,3328,5339,2749,4410,2336],"class_list":{"0":"post-24534","1":"product","2":"type-product","3":"status-publish","4":"has-post-thumbnail","6":"product_cat-oldschool-ru","7":"product_cat-pool-park-ru","8":"product_cat-reissues-ru","9":"product_cat-vision-ru","10":"product_cat-doski","11":"product_cat-skejtbordy","12":"product_tag-johnson-ru","13":"product_tag-old-ru","14":"product_tag-oldschool-ru","15":"product_tag-reissue-ru","16":"product_tag-school-ru","17":"product_tag-skateboard-ru","18":"product_tag-vision-ru","19":"product_tag-doska","21":"first","22":"instock","23":"taxable","24":"shipping-taxable","25":"purchasable","26":"product-type-variable"},"_links":{"self":[{"href":"https:\/\/justpassinthru.de\/ru\/wp-json\/wp\/v2\/product\/24534","targetHints":{"allow":["GET"]}}],"collection":[{"href":"https:\/\/justpassinthru.de\/ru\/wp-json\/wp\/v2\/product"}],"about":[{"href":"https:\/\/justpassinthru.de\/ru\/wp-json\/wp\/v2\/types\/product"}],"replies":[{"embeddable":true,"href":"https:\/\/justpassinthru.de\/ru\/wp-json\/wp\/v2\/comments?post=24534"}],"wp:featuredmedia":[{"embeddable":true,"href":"https:\/\/justpassinthru.de\/ru\/wp-json\/wp\/v2\/media\/24561"}],"wp:attachment":[{"href":"https:\/\/justpassinthru.de\/ru\/wp-json\/wp\/v2\/media?parent=24534"}],"wp:term":[{"taxonomy":"product_brand","embeddable":true,"href":"https:\/\/justpassinthru.de\/ru\/wp-json\/wp\/v2\/product_brand?post=24534"},{"taxonomy":"product_cat","embeddable":true,"href":"https:\/\/justpassinthru.de\/ru\/wp-json\/wp\/v2\/product_cat?post=24534"},{"taxonomy":"product_tag","embeddable":true,"href":"https:\/\/justpassinthru.de\/ru\/wp-json\/wp\/v2\/product_tag?post=24534"}],"curies":[{"name":"wp","href":"https:\/\/api.w.org\/{rel}","templated":true}]}}