{"id":25598,"date":"2024-08-23T23:26:11","date_gmt":"2024-08-23T21:26:11","guid":{"rendered":"https:\/\/justpassinthru.de\/?post_type=product&#038;p=25598"},"modified":"2026-03-22T16:54:26","modified_gmt":"2026-03-22T15:54:26","slug":"carver-swallow-29-5-surfskate-v-komplekte","status":"publish","type":"product","link":"https:\/\/justpassinthru.de\/ru\/produkt\/carver-swallow-29-5-surfskate-v-komplekte\/","title":{"rendered":"Carver Swallow 29.5&#8243; &#8212; Surfskate \u0432 \u043a\u043e\u043c\u043f\u043b\u0435\u043a\u0442\u0435"},"content":{"rendered":"<div class=\"desc\">\n<p><a href=\"https:\/\/justpassinthru.de\/ru\/product-category\/brendy\/carver-ru\/\"><img loading=\"lazy\" decoding=\"async\" class=\"alignright wp-image-8855\" src=\"https:\/\/justpassinthru.de\/wp-content\/uploads\/2023\/01\/carver-logo-jpt-skate.jpg\" alt=\"Carver Skateboards Surfskate\" width=\"100\" height=\"100\" title=\"\" srcset=\"https:\/\/justpassinthru.de\/wp-content\/uploads\/2023\/01\/carver-logo-jpt-skate.jpg 300w, https:\/\/justpassinthru.de\/wp-content\/uploads\/2023\/01\/carver-logo-jpt-skate-247x247.jpg 247w, https:\/\/justpassinthru.de\/wp-content\/uploads\/2023\/01\/carver-logo-jpt-skate-100x100.jpg 100w, https:\/\/justpassinthru.de\/wp-content\/uploads\/2023\/01\/carver-logo-jpt-skate-150x150.jpg 150w\" sizes=\"auto, (max-width: 100px) 100vw, 100px\" \/><\/a><\/p>\n<div class=\"desc\">\n<div class=\"desc\">\n<div class=\"desc\">\n<div class=\"desc\">\n<div class=\"desc\">\n<div class=\"desc\">\n<div class=\"desc\">\n<div class=\"desc\">\n<div class=\"desc\">\n<div class=\"desc\">\n<div id=\"tab-description\" class=\"tab-pane fade in active\" role=\"tabpanel\">\n<div class=\"tab-content-wrapper\">\n<div class=\"desc\">\n<div class=\"desc\">\n<div class=\"desc\">\n<div class=\"desc\">\n<div class=\"desc\">\n<div id=\"tab-description\" class=\"tab-pane fade in active\" role=\"tabpanel\">\n<div class=\"tab-content-wrapper\">\n<div class=\"desc\">\n<div id=\"tab-description\" class=\"tab-pane fade in active\" role=\"tabpanel\">\n<div class=\"tab-content-wrapper\">\n<div class=\"desc\">\n<div class=\"desc\">\n<div class=\"desc\">\n<div class=\"desc\">\n<div class=\"desc\">\n<div id=\"tab-description\" class=\"tab-pane fade in active\" role=\"tabpanel\">\n<div class=\"tab-content-wrapper\">\n<div class=\"desc\">\n<div id=\"tab-description\" class=\"tab-pane fade in active\" role=\"tabpanel\">\n<div class=\"tab-content-wrapper\">\n<div class=\"desc\">\n<div class=\"desc\">\n<div class=\"desc\">\n<div class=\"desc\">\n<div class=\"desc\">\n<div id=\"tab-description\" class=\"tab-pane fade in active\" role=\"tabpanel\">\n<div class=\"tab-content-wrapper\">\n<div class=\"desc\">\n<div id=\"tab-description\" class=\"tab-pane fade in active\" role=\"tabpanel\">\n<div class=\"tab-content-wrapper\">\n<div class=\"desc\">\n<div class=\"desc\">\n<div class=\"desc\">\n<div class=\"desc\">\n<div class=\"desc\">\n<div class=\"desc\">\n<div class=\"desc\">\n<div class=\"desc\">\n<div class=\"desc\">\n<div class=\"desc\">\n<div class=\"desc\">\n<div class=\"desc\">\n<div id=\"tab-description\" class=\"tab-pane fade in active\" role=\"tabpanel\">\n<div class=\"tab-content-wrapper\">\n<div class=\"desc\">\n<div class=\"desc\">\n<div class=\"desc\">\n<div class=\"desc\">\n<div class=\"desc\">\n<div id=\"tab-description\" class=\"tab-pane fade in active\" role=\"tabpanel\">\n<div class=\"tab-content-wrapper\">\n<div class=\"desc\">\n<div id=\"tab-description\" class=\"tab-pane fade in active\" role=\"tabpanel\">\n<div class=\"tab-content-wrapper\">\n<div class=\"desc\">\n<div class=\"desc\">\n<div class=\"desc\">\n<div class=\"desc\">\n<div class=\"desc\">\n<div id=\"tab-description\" class=\"tab-pane fade in active\" role=\"tabpanel\">\n<div class=\"tab-content-wrapper\">\n<div class=\"desc\">\n<div id=\"tab-description\" class=\"tab-pane fade in active\" role=\"tabpanel\">\n<div class=\"tab-content-wrapper\">\n<div class=\"desc\">\n<div id=\"tab-description\" class=\"tab-pane fade in active\" role=\"tabpanel\">\n<div class=\"tab-content-wrapper\">\n<div id=\"tab-description\" class=\"tab-pane fade in active\" role=\"tabpanel\">\n<div class=\"tab-content-wrapper\">\n<div class=\"desc\">\n<div id=\"tab-description\" class=\"tab-pane fade in active\" role=\"tabpanel\">\n<div class=\"tab-content-wrapper\">\n<div id=\"tab-description\" class=\"tab-pane fade in active\" role=\"tabpanel\">\n<div class=\"tab-content-wrapper\">\n<div id=\"tab-description\" class=\"tab-pane fade in active\" role=\"tabpanel\">\n<div class=\"tab-content-wrapper\">\n<div id=\"tab-description\" class=\"tab-pane fade in active\" role=\"tabpanel\">\n<div class=\"tab-content-wrapper\">\n<div class=\"desc\">\n<div id=\"tab-description\" class=\"tab-pane fade in active\" role=\"tabpanel\">\n<div class=\"tab-content-wrapper\">\n<div id=\"tab-description\" class=\"tab-pane fade in active\" role=\"tabpanel\">\n<div class=\"tab-content-wrapper\">\n<div class=\"desc\">\n<div class=\"desc\">\n<div class=\"desc\">\n<div class=\"desc\">\n<div id=\"tab-description\" class=\"tab-pane fade in active\" role=\"tabpanel\">\n<div class=\"tab-content-wrapper\">\n<div class=\"desc\">\n<div id=\"tab-description\" class=\"tab-pane fade in active\" role=\"tabpanel\">\n<div class=\"tab-content-wrapper\">\n<div class=\"desc\">\n<div class=\"desc\">\n<div class=\"desc\">\n<div class=\"desc\">\n<div class=\"desc\">\n<div id=\"tab-description\" class=\"tab-pane fade in active\" role=\"tabpanel\">\n<div class=\"tab-content-wrapper\">\n<div class=\"desc\">\n<div id=\"tab-description\" class=\"tab-pane fade in active\" role=\"tabpanel\">\n<div class=\"tab-content-wrapper\">\n<div class=\"desc\">\n<div class=\"desc\">\n<div class=\"desc\">\n<div class=\"desc\">\n<div class=\"desc\">\n<div class=\"desc\">\n<div class=\"desc\">\n<div class=\"desc\">\n<div class=\"desc\">\n<div class=\"desc\">\n<div class=\"desc\">\n<div class=\"desc\">\n<div id=\"tab-description\" class=\"tab-pane fade in active\" role=\"tabpanel\">\n<div class=\"tab-content-wrapper\">\n<div class=\"desc\">\n<div class=\"desc\">\n<div class=\"desc\">\n<div class=\"desc\">\n<div class=\"desc\">\n<div id=\"tab-description\" class=\"tab-pane fade in active\" role=\"tabpanel\">\n<div class=\"tab-content-wrapper\">\n<div class=\"desc\">\n<div id=\"tab-description\" class=\"tab-pane fade in active\" role=\"tabpanel\">\n<div class=\"tab-content-wrapper\">\n<div class=\"desc\">\n<div class=\"desc\">\n<div class=\"desc\">\n<div class=\"desc\">\n<div class=\"desc\">\n<div id=\"tab-description\" class=\"tab-pane fade in active\" role=\"tabpanel\">\n<div class=\"tab-content-wrapper\">\n<div class=\"desc\">\n<div id=\"tab-description\" class=\"tab-pane fade in active\" role=\"tabpanel\">\n<div class=\"tab-content-wrapper\">\n<div class=\"desc\">\n<div class=\"desc\">\n<div class=\"desc\">\n<div class=\"desc\">\n<div class=\"desc\">\n<div class=\"desc\">\n<div class=\"desc\">\n<div class=\"desc\">\n<div class=\"desc\">\n<div class=\"desc\">\n<div class=\"desc\">\n<div class=\"desc\">\n<div id=\"tab-description\" class=\"tab-pane fade in active\" role=\"tabpanel\">\n<div class=\"tab-content-wrapper\">\n<div class=\"desc\">\n<div class=\"desc\">\n<div class=\"desc\">\n<div class=\"desc\">\n<div class=\"desc\">\n<div id=\"tab-description\" class=\"tab-pane fade in active\" role=\"tabpanel\">\n<div class=\"tab-content-wrapper\">\n<div class=\"desc\">\n<div id=\"tab-description\" class=\"tab-pane fade in active\" role=\"tabpanel\">\n<div class=\"tab-content-wrapper\">\n<div class=\"desc\">\n<div class=\"desc\">\n<div class=\"desc\">\n<div class=\"desc\">\n<div class=\"desc\">\n<div id=\"tab-description\" class=\"tab-pane fade in active\" role=\"tabpanel\">\n<div class=\"tab-content-wrapper\">\n<div class=\"desc\">\n<div id=\"tab-description\" class=\"tab-pane fade in active\" role=\"tabpanel\">\n<div class=\"tab-content-wrapper\">\n<div class=\"desc\">\n<div class=\"desc\">\n<div class=\"desc\">\n<div class=\"desc\">\n<div class=\"desc\">\n<div id=\"tab-description\" class=\"tab-pane fade in active\" role=\"tabpanel\">\n<div class=\"tab-content-wrapper\">\n<div class=\"desc\">\n<div id=\"tab-description\" class=\"tab-pane fade in active\" role=\"tabpanel\">\n<div class=\"tab-content-wrapper\">\n<div class=\"desc\">\n<div class=\"desc\">\n<div class=\"desc\">\n<div class=\"desc\">\n<div class=\"desc\">\n<div class=\"desc\">\n<div class=\"desc\">\n<div class=\"desc\">\n<div class=\"desc\">\n<div class=\"desc\">\n<div class=\"desc\">\n<div class=\"desc\">\n<div id=\"tab-description\" class=\"tab-pane fade in active\" role=\"tabpanel\">\n<div class=\"tab-content-wrapper\">\n<div class=\"desc\">\n<div class=\"desc\">\n<div class=\"desc\">\n<div class=\"desc\">\n<div class=\"desc\">\n<div id=\"tab-description\" class=\"tab-pane fade in active\" role=\"tabpanel\">\n<div class=\"tab-content-wrapper\">\n<div class=\"desc\">\n<div id=\"tab-description\" class=\"tab-pane fade in active\" role=\"tabpanel\">\n<div class=\"tab-content-wrapper\">\n<div class=\"desc\">\n<div class=\"desc\">\n<div class=\"desc\">\n<div class=\"desc\">\n<div class=\"desc\">\n<div id=\"tab-description\" class=\"tab-pane fade in active\" role=\"tabpanel\">\n<div class=\"tab-content-wrapper\">\n<div class=\"desc\">\n<div id=\"tab-description\" class=\"tab-pane fade in active\" role=\"tabpanel\">\n<div class=\"tab-content-wrapper\">\n<div class=\"desc\">\n<div id=\"tab-description\" class=\"tab-pane fade in active\" role=\"tabpanel\">\n<div class=\"tab-content-wrapper\">\n<div id=\"tab-description\" class=\"tab-pane fade in active\" role=\"tabpanel\">\n<div class=\"tab-content-wrapper\">\n<div class=\"desc\">\n<div id=\"tab-description\" class=\"tab-pane fade in active\" role=\"tabpanel\">\n<div class=\"tab-content-wrapper\">\n<div id=\"tab-description\" class=\"tab-pane fade in active\" role=\"tabpanel\">\n<div class=\"tab-content-wrapper\">\n<div id=\"tab-description\" class=\"tab-pane fade in active\" role=\"tabpanel\">\n<div class=\"tab-content-wrapper\">\n<div id=\"tab-description\" class=\"tab-pane fade in active\" role=\"tabpanel\">\n<div class=\"tab-content-wrapper\">\n<div class=\"desc\">\n<div id=\"tab-description\" class=\"tab-pane fade in active\" role=\"tabpanel\">\n<div class=\"tab-content-wrapper\">\n<div id=\"tab-description\" class=\"tab-pane fade in active\" role=\"tabpanel\">\n<div class=\"tab-content-wrapper\">\n<div class=\"desc\">\n<div class=\"desc\">\n<div class=\"desc\">\n<div class=\"desc\">\n<div id=\"tab-description\" class=\"tab-pane fade in active\" role=\"tabpanel\">\n<div class=\"tab-content-wrapper\">\n<div class=\"desc\">\n<div id=\"tab-description\" class=\"tab-pane fade in active\" role=\"tabpanel\">\n<div class=\"tab-content-wrapper\">\n<div class=\"desc\">\n<div class=\"desc\">\n<div class=\"desc\">\n<div class=\"desc\">\n<div class=\"desc\">\n<div id=\"tab-description\" class=\"tab-pane fade in active\" role=\"tabpanel\">\n<div class=\"tab-content-wrapper\">\n<div class=\"desc\">\n<div id=\"tab-description\" class=\"tab-pane fade in active\" role=\"tabpanel\">\n<div class=\"tab-content-wrapper\">\n<div class=\"desc\">\n<div class=\"desc\">\n<div class=\"desc\">\n<div class=\"desc\">\n<div class=\"desc\">\n<div class=\"desc\">\n<div class=\"desc\">\n<div class=\"desc\">\n<div class=\"desc\">\n<div class=\"desc\">\n<div class=\"desc\">\n<div class=\"desc\">\n<div id=\"tab-description\" class=\"tab-pane fade in active\" role=\"tabpanel\">\n<div class=\"tab-content-wrapper\">\n<div class=\"desc\">\n<div class=\"desc\">\n<div class=\"desc\">\n<div class=\"desc\">\n<div class=\"desc\">\n<div id=\"tab-description\" class=\"tab-pane fade in active\" role=\"tabpanel\">\n<div class=\"tab-content-wrapper\">\n<div class=\"desc\">\n<div id=\"tab-description\" class=\"tab-pane fade in active\" role=\"tabpanel\">\n<div class=\"tab-content-wrapper\">\n<div class=\"desc\">\n<div class=\"desc\">\n<div class=\"desc\">\n<div class=\"desc\">\n<div class=\"desc\">\n<div id=\"tab-description\" class=\"tab-pane fade in active\" role=\"tabpanel\">\n<div class=\"tab-content-wrapper\">\n<div class=\"desc\">\n<div id=\"tab-description\" class=\"tab-pane fade in active\" role=\"tabpanel\">\n<div class=\"tab-content-wrapper\">\n<div class=\"desc\">\n<div class=\"desc\">\n<div class=\"desc\">\n<div class=\"desc\">\n<div class=\"desc\">\n<div class=\"desc\">\n<div class=\"desc\">\n<div class=\"desc\">\n<div class=\"desc\">\n<div class=\"desc\">\n<div class=\"desc\">\n<div class=\"desc\">\n<div id=\"tab-description\" class=\"tab-pane fade in active\" role=\"tabpanel\">\n<div class=\"tab-content-wrapper\">\n<div class=\"desc\">\n<div class=\"desc\">\n<div class=\"desc\">\n<div class=\"desc\">\n<div class=\"desc\">\n<div id=\"tab-description\" class=\"tab-pane fade in active\" role=\"tabpanel\">\n<div class=\"tab-content-wrapper\">\n<div class=\"desc\">\n<div id=\"tab-description\" class=\"tab-pane fade in active\" role=\"tabpanel\">\n<div class=\"tab-content-wrapper\">\n<div class=\"desc\">\n<div class=\"desc\">\n<div class=\"desc\">\n<div class=\"desc\">\n<div class=\"desc\">\n<div id=\"tab-description\" class=\"tab-pane fade in active\" role=\"tabpanel\">\n<div class=\"tab-content-wrapper\">\n<div class=\"desc\">\n<div id=\"tab-description\" class=\"tab-pane fade in active\" role=\"tabpanel\">\n<div class=\"tab-content-wrapper\">\n<div class=\"desc\">\n<div class=\"desc\">\n<div class=\"desc\">\n<div class=\"desc\">\n<div class=\"desc\">\n<div id=\"tab-description\" class=\"tab-pane fade in active\" role=\"tabpanel\">\n<div class=\"tab-content-wrapper\">\n<div class=\"desc\">\n<div id=\"tab-description\" class=\"tab-pane fade in active\" role=\"tabpanel\">\n<div class=\"tab-content-wrapper\">\n<div class=\"desc\">\n<div class=\"desc\">\n<div class=\"desc\">\n<div class=\"desc\">\n<div class=\"desc\">\n<div class=\"desc\">\n<div class=\"desc\">\n<div class=\"desc\">\n<div class=\"desc\">\n<div class=\"desc\">\n<div class=\"desc\">\n<div class=\"desc\">\n<div id=\"tab-description\" class=\"tab-pane fade in active\" role=\"tabpanel\">\n<div class=\"tab-content-wrapper\">\n<div class=\"desc\">\n<div class=\"desc\">\n<div class=\"desc\">\n<div class=\"desc\">\n<div class=\"desc\">\n<div id=\"tab-description\" class=\"tab-pane fade in active\" role=\"tabpanel\">\n<div class=\"tab-content-wrapper\">\n<div class=\"desc\">\n<div id=\"tab-description\" class=\"tab-pane fade in active\" role=\"tabpanel\">\n<div class=\"tab-content-wrapper\">\n<div class=\"desc\">\n<div class=\"desc\">\n<div class=\"desc\">\n<div class=\"desc\">\n<div class=\"desc\">\n<div id=\"tab-description\" class=\"tab-pane fade in active\" role=\"tabpanel\">\n<div class=\"tab-content-wrapper\">\n<div class=\"desc\">\n<div id=\"tab-description\" class=\"tab-pane fade in active\" role=\"tabpanel\">\n<div class=\"tab-content-wrapper\">\n<div class=\"desc\">\n<div id=\"tab-description\" class=\"tab-pane fade in active\" role=\"tabpanel\">\n<div class=\"tab-content-wrapper\">\n<div id=\"tab-description\" class=\"tab-pane fade in active\" role=\"tabpanel\">\n<div class=\"tab-content-wrapper\">\n<div class=\"desc\">\n<div id=\"tab-description\" class=\"tab-pane fade in active\" role=\"tabpanel\">\n<div class=\"tab-content-wrapper\">\n<div id=\"tab-description\" class=\"tab-pane fade in active\" role=\"tabpanel\">\n<div class=\"tab-content-wrapper\">\n<div id=\"tab-description\" class=\"tab-pane fade in active\" role=\"tabpanel\">\n<div class=\"tab-content-wrapper\">\n<div id=\"tab-description\" class=\"tab-pane fade in active\" role=\"tabpanel\">\n<div class=\"tab-content-wrapper\">\n<div class=\"desc\">\n<div id=\"tab-description\" class=\"tab-pane fade in active\" role=\"tabpanel\">\n<div class=\"tab-content-wrapper\">\n<div id=\"tab-description\" class=\"tab-pane fade in active\" role=\"tabpanel\">\n<div class=\"tab-content-wrapper\">\n<div class=\"desc\">\n<div id=\"description\" class=\"tab-pane fade in active\" role=\"tabpanel\">\n<div class=\"product-description\">\n<div><\/div>\n<div>\n<h2>Carver Skateboards Swallow 29.5&#8243; &#8212; \u0432 \u043a\u043e\u043c\u043f\u043b\u0435\u043a\u0442\u0435<\/h2>\n<p>Das Carver Swallow ist ein sehr wendiges Surfskate. Mit dem Swallow erwartet dich aggressive Pumping-Action, enge Turns und wenn du Lust hast auch Slides. Nat\u00fcrlich kannst du es auch gem\u00fctlich angehen. Dank der relativ kurzen Wheelbase f\u00e4llt es leicht es sogar aus dem Stand zu pumpen. Die hohe Agilit\u00e4t macht es auch umso einfacher das Pumping zu erlernen. Durch die hohe Wendigkeit und Vielseitigkeit bleibt das Board aber auch f\u00fcr Pros spannend.<br \/>\nMit einer Breite von 9.625&#8243; bietet es dir genug Platz f\u00fcr maximalen Komfort und ist gleichzeitig nicht zu breit f\u00fcr kleinere F\u00fc\u00dfe. Ob einfach deinen geliebten Fahrradweg entlang Pumpen, als Cruiser oder in der Pipe, das Swallow ist ideal f\u00fcr viele Einsatzgebiete. Mit stylischer, handgemalter Grafik vom Surfk\u00fcnstler Ryan Kleiner.<\/p>\n<p>Das Carver Swallow funktioniert sowohl mit C7 als auch mit CX Trucks-System einwandfrei. Die C7-Option bietet dir etwas mehr Flow und mehr Einstellungsm\u00f6glichkeiten. Die CX-Option ist hingegen noch etwas wendiger, belastbarer bei Tricks\/ Impakten und leichter, wodurch du noch schnellere Lenkbewegungen machen kannst und etwas zackiger unterwegs sein kannst.<\/p>\n<p>Komplett montiert. Auspacken und los rollen.<\/p>\n<h3>Carver Swallow 29.5&#8243; Specs<\/h3>\n<p>L\u00e4nge: 29.5&#8243;<br \/>\nBreite: 9.625&#8243;<br \/>\nWheelbase: 15.5&#8243;<br \/>\nKonstruktion: 7-Ply Hardrock Maple<br \/>\nRollen: Carver 65mm Mag Ecothane 81A<br \/>\nGriptape: Ja &#8212; Custom Carver Logo Griptape<br \/>\nBuilt-In Kugellager (integrierte Spacer und Speedrings)<br \/>\nSingle Kick Swallow Tail<\/p>\n<p><em><strong>\u041f\u043e\u0436\u0430\u043b\u0443\u0439\u0441\u0442\u0430 \u0432\u044b\u0431\u0435\u0440\u0438 \u043e\u043f\u0446\u0438\u044e.<\/strong><\/em><\/p>\n<p><iframe loading=\"lazy\" title=\"YouTube video player\" src=\"https:\/\/www.youtube.com\/embed\/v6aupfspEs4?si=WxAMwaqmZIqmz-Rv\" width=\"560\" height=\"315\" frameborder=\"0\" allowfullscreen=\"allowfullscreen\"><\/iframe><\/p>\n<\/div>\n<\/div>\n<\/div>\n<\/div>\n<\/div>\n<\/div>\n<\/div>\n<\/div>\n<\/div>\n<\/div>\n<\/div>\n<\/div>\n<\/div>\n<\/div>\n<\/div>\n<\/div>\n<\/div>\n<\/div>\n<\/div>\n<\/div>\n<\/div>\n<\/div>\n<\/div>\n<\/div>\n<\/div>\n<\/div>\n<\/div>\n<\/div>\n<\/div>\n<\/div>\n<\/div>\n<\/div>\n<\/div>\n<\/div>\n<\/div>\n<\/div>\n<\/div>\n<\/div>\n<\/div>\n<\/div>\n<\/div>\n<\/div>\n<\/div>\n<\/div>\n<\/div>\n<\/div>\n<\/div>\n<\/div>\n<\/div>\n<\/div>\n<\/div>\n<\/div>\n<\/div>\n<\/div>\n<\/div>\n<\/div>\n<\/div>\n<\/div>\n<\/div>\n<\/div>\n<\/div>\n<\/div>\n<\/div>\n<\/div>\n<\/div>\n<\/div>\n<\/div>\n<\/div>\n<\/div>\n<\/div>\n<\/div>\n<\/div>\n<\/div>\n<\/div>\n<\/div>\n<\/div>\n<\/div>\n<\/div>\n<\/div>\n<\/div>\n<\/div>\n<\/div>\n<\/div>\n<\/div>\n<\/div>\n<\/div>\n<\/div>\n<\/div>\n<\/div>\n<\/div>\n<\/div>\n<\/div>\n<\/div>\n<\/div>\n<\/div>\n<\/div>\n<\/div>\n<\/div>\n<\/div>\n<\/div>\n<\/div>\n<\/div>\n<\/div>\n<\/div>\n<\/div>\n<\/div>\n<\/div>\n<\/div>\n<\/div>\n<\/div>\n<\/div>\n<\/div>\n<\/div>\n<\/div>\n<\/div>\n<\/div>\n<\/div>\n<\/div>\n<\/div>\n<\/div>\n<\/div>\n<\/div>\n<\/div>\n<\/div>\n<\/div>\n<\/div>\n<\/div>\n<\/div>\n<\/div>\n<\/div>\n<\/div>\n<\/div>\n<\/div>\n<\/div>\n<\/div>\n<\/div>\n<\/div>\n<\/div>\n<\/div>\n<\/div>\n<\/div>\n<\/div>\n<\/div>\n<\/div>\n<\/div>\n<\/div>\n<\/div>\n<\/div>\n<\/div>\n<\/div>\n<\/div>\n<\/div>\n<\/div>\n<\/div>\n<\/div>\n<\/div>\n<\/div>\n<\/div>\n<\/div>\n<\/div>\n<\/div>\n<\/div>\n<\/div>\n<\/div>\n<\/div>\n<\/div>\n<\/div>\n<\/div>\n<\/div>\n<\/div>\n<\/div>\n<\/div>\n<\/div>\n<\/div>\n<\/div>\n<\/div>\n<\/div>\n<\/div>\n<\/div>\n<\/div>\n<\/div>\n<\/div>\n<\/div>\n<\/div>\n<\/div>\n<\/div>\n<\/div>\n<\/div>\n<\/div>\n<\/div>\n<\/div>\n<\/div>\n<\/div>\n<\/div>\n<\/div>\n<\/div>\n<\/div>\n<\/div>\n<\/div>\n<\/div>\n<\/div>\n<\/div>\n<\/div>\n<\/div>\n<\/div>\n<\/div>\n<\/div>\n<\/div>\n<\/div>\n<\/div>\n<\/div>\n<\/div>\n<\/div>\n<\/div>\n<\/div>\n<\/div>\n<\/div>\n<\/div>\n<\/div>\n<\/div>\n<\/div>\n<\/div>\n<\/div>\n<\/div>\n<\/div>\n<\/div>\n<\/div>\n<\/div>\n<\/div>\n<\/div>\n<\/div>\n<\/div>\n<\/div>\n<\/div>\n<\/div>\n<\/div>\n<\/div>\n<\/div>\n<\/div>\n<\/div>\n<\/div>\n<\/div>\n<\/div>\n<\/div>\n<\/div>\n<\/div>\n<\/div>\n<\/div>\n<\/div>\n<\/div>\n<\/div>\n<\/div>\n<\/div>\n<\/div>\n<\/div>\n<\/div>\n<\/div>\n<\/div>\n<\/div>\n<\/div>\n<\/div>\n<\/div>\n<\/div>\n<\/div>\n<\/div>\n<\/div>\n<\/div>\n<\/div>\n<\/div>\n<\/div>\n<\/div>\n<\/div>\n<\/div>\n<\/div>\n<\/div>\n<\/div>\n<\/div>\n<\/div>\n<\/div>\n<\/div>\n<\/div>\n<\/div>\n<\/div>\n<\/div>\n<\/div>\n<\/div>\n<\/div>\n<\/div>\n<\/div>\n<\/div>\n<\/div>\n<\/div>\n<\/div>\n<\/div>\n<\/div>\n<\/div>\n<\/div>\n<\/div>\n<\/div>\n<\/div>\n<\/div>\n<\/div>\n<\/div>\n<\/div>\n<\/div>\n<\/div>\n<\/div>\n<\/div>\n<\/div>\n<\/div>\n<\/div>\n<\/div>\n<\/div>\n<\/div>\n<\/div>\n<\/div>\n<\/div>\n<\/div>\n<\/div>\n<\/div>\n<\/div>\n<\/div>\n<\/div>\n<\/div>\n<\/div>\n<\/div>\n<\/div>\n<\/div>\n<\/div>\n<\/div>\n<\/div>\n<\/div>\n<\/div>\n<\/div>\n<\/div>\n<\/div>\n<\/div>\n<\/div>\n<\/div>\n<\/div>\n<\/div>\n<\/div>\n<\/div>\n<\/div>\n<\/div>\n<\/div>\n<\/div>\n<\/div>\n<\/div>\n<\/div>\n<\/div>\n<\/div>\n<\/div>\n<\/div>\n<\/div>\n<\/div>\n<\/div>\n<\/div>\n<\/div>\n<\/div>\n<\/div>\n<\/div>\n<\/div>\n<\/div>\n<\/div>\n<\/div>\n<\/div>\n<\/div>\n<\/div>\n<\/div>\n<\/div>\n<\/div>\n<\/div>\n<\/div>\n<\/div>\n<\/div>\n<\/div>\n<\/div>\n<\/div>\n<\/div>\n<\/div>\n<\/div>\n<\/div>\n<\/div>\n<\/div>\n<\/div>\n<\/div>\n<\/div>\n<\/div>\n<\/div>\n<\/div>\n<\/div>\n<\/div>\n<\/div>\n<\/div>\n<\/div>\n<\/div>\n<\/div>\n<\/div>\n<\/div>\n","protected":false},"excerpt":{"rendered":"<p><strong>Carver Skateboards \u0432 \u0441\u0431\u043e\u0440\u0435<\/strong><\/p>\n","protected":false},"featured_media":25613,"comment_status":"closed","ping_status":"closed","template":"","meta":{"inline_featured_image":false},"product_brand":[],"product_cat":[1314,1353,2642,1343,1344],"product_tag":[5439,2861,4936,3053,3193,3192,2555],"class_list":{"0":"post-25598","1":"product","2":"type-product","3":"status-publish","4":"has-post-thumbnail","6":"product_cat-carver-ru","7":"product_cat-surfskates-ru","8":"product_cat-brendy","9":"product_cat-longbordy","10":"product_cat-longbordy-v-sbore","11":"product_tag-c7-ru","12":"product_tag-carver-ru","13":"product_tag-cx-ru","14":"product_tag-skateboards-ru","15":"product_tag-surfskate-ru","16":"product_tag-swallow-ru","17":"product_tag-skejtbord-v-sbore","19":"first","20":"instock","21":"sale","22":"taxable","23":"shipping-taxable","24":"purchasable","25":"product-type-variable"},"_links":{"self":[{"href":"https:\/\/justpassinthru.de\/ru\/wp-json\/wp\/v2\/product\/25598","targetHints":{"allow":["GET"]}}],"collection":[{"href":"https:\/\/justpassinthru.de\/ru\/wp-json\/wp\/v2\/product"}],"about":[{"href":"https:\/\/justpassinthru.de\/ru\/wp-json\/wp\/v2\/types\/product"}],"replies":[{"embeddable":true,"href":"https:\/\/justpassinthru.de\/ru\/wp-json\/wp\/v2\/comments?post=25598"}],"wp:featuredmedia":[{"embeddable":true,"href":"https:\/\/justpassinthru.de\/ru\/wp-json\/wp\/v2\/media\/25613"}],"wp:attachment":[{"href":"https:\/\/justpassinthru.de\/ru\/wp-json\/wp\/v2\/media?parent=25598"}],"wp:term":[{"taxonomy":"product_brand","embeddable":true,"href":"https:\/\/justpassinthru.de\/ru\/wp-json\/wp\/v2\/product_brand?post=25598"},{"taxonomy":"product_cat","embeddable":true,"href":"https:\/\/justpassinthru.de\/ru\/wp-json\/wp\/v2\/product_cat?post=25598"},{"taxonomy":"product_tag","embeddable":true,"href":"https:\/\/justpassinthru.de\/ru\/wp-json\/wp\/v2\/product_tag?post=25598"}],"curies":[{"name":"wp","href":"https:\/\/api.w.org\/{rel}","templated":true}]}}