{"id":6785,"date":"2022-07-08T03:52:18","date_gmt":"2022-07-08T01:52:18","guid":{"rendered":"https:\/\/justpassinthru.de\/?post_type=product&#038;p=6785"},"modified":"2022-09-26T15:47:20","modified_gmt":"2022-09-26T13:47:20","slug":"loaded-tan-tien-longboard-flex-2-deck","status":"publish","type":"product","link":"https:\/\/justpassinthru.de\/ru\/produkt\/loaded-tan-tien-longboard-flex-2-deck\/","title":{"rendered":"Loaded Tan Tien Longboard Flex 2 \u0434\u043e\u0441\u043a\u0430"},"content":{"rendered":"<p><a href=\"https:\/\/justpassinthru.de\/ru\/product-category\/brands\/loaded-ru\/\"><img loading=\"lazy\" decoding=\"async\" class=\"alignright wp-image-6788 size-full\" src=\"https:\/\/justpassinthru.de\/wp-content\/uploads\/2022\/07\/loaded-logo-small-jpt-skate.png\" alt=\"Loaded Tan Tien Longboard Flex 2 Deck\" width=\"80\" height=\"80\" title=\"\"><\/a>Loaded Tan Tien Longboard Flex 2 Deck<\/p>\n<p>Das Tan Tien Longboard ist ein gedropptes mittel langes Brett mit einem kleinem Tail und Nose. Das Konkav gibt einem Halt bei allen Man\u00f6vern. Ein allround Spa\u00dfboard zum Sliden, Carven und Tricksen. Du willst alles? Dann nimm das Tan Tien! Ein weiteres plus ist der verwendete Bambus mit Glasfaser, dadurch ist das Board sehr leicht aber extrem robust und verf\u00fcgt \u00fcber einen sehr angenehmen, aber aktiven Flex! Flex 2 ist die goldene Mitte der drei verf\u00fcgbaren Flesstufen und ideal f\u00fcr Fahrer mit einem Gewicht von 75-95Kg.<\/p>\n<p><strong>Length:<\/strong> 39&#8243; \/ 99cm<br \/>\n<strong>Width:<\/strong> 8.75&#8243; \/ 22.25cm<br \/>\n<strong>Wheelbase (Inner Hole):<\/strong> 27&#8243; \/ 77cm<br \/>\n<strong>Weight:<\/strong> deck only: 3.1 &#8212; 3.5lbs \/ 1.4-1.6kg<br \/>\ncomplete: 6.6 &#8212; 7lbs \/ 3 &#8212; 3.2kg<\/p>\n<p><iframe loading=\"lazy\" title=\"YouTube video player\" src=\"https:\/\/www.youtube.com\/embed\/ec7-Z4sj4FY\" width=\"560\" height=\"315\" frameborder=\"0\" allowfullscreen=\"allowfullscreen\"><\/iframe><\/p>\n","protected":false},"excerpt":{"rendered":"<p>Loaded Tan Tien Longboard Flex 2 Deck Das Tan Tien Longboard ist ein gedropptes mittel langes Brett mit einem kleinem Tail und Nose. Das Konkav gibt einem Halt bei allen Man\u00f6vern. Ein allround Spa\u00dfboard zum Sliden, Carven und Tricksen. Du willst alles? Dann nimm das Tan Tien! Ein weiteres plus ist der verwendete Bambus mit [&#8230;]\n","protected":false},"featured_media":7091,"comment_status":"closed","ping_status":"closed","template":"","meta":{"inline_featured_image":false},"product_brand":[],"product_cat":[1355,1342,1354,1343],"product_tag":[4326,1585,4400],"class_list":{"0":"post-6785","1":"product","2":"type-product","3":"status-publish","4":"has-post-thumbnail","6":"product_cat-cruiser-carver-ru-2","7":"product_cat-loaded-ru","8":"product_cat-doski-longbordov","9":"product_cat-longbordy","10":"product_tag-flex-ii-ru","11":"product_tag-loaded-ru","12":"product_tag-tan-tien-ru","14":"first","15":"outofstock","16":"taxable","17":"shipping-taxable","18":"purchasable","19":"product-type-simple"},"_links":{"self":[{"href":"https:\/\/justpassinthru.de\/ru\/wp-json\/wp\/v2\/product\/6785","targetHints":{"allow":["GET"]}}],"collection":[{"href":"https:\/\/justpassinthru.de\/ru\/wp-json\/wp\/v2\/product"}],"about":[{"href":"https:\/\/justpassinthru.de\/ru\/wp-json\/wp\/v2\/types\/product"}],"replies":[{"embeddable":true,"href":"https:\/\/justpassinthru.de\/ru\/wp-json\/wp\/v2\/comments?post=6785"}],"wp:featuredmedia":[{"embeddable":true,"href":"https:\/\/justpassinthru.de\/ru\/wp-json\/wp\/v2\/media\/7091"}],"wp:attachment":[{"href":"https:\/\/justpassinthru.de\/ru\/wp-json\/wp\/v2\/media?parent=6785"}],"wp:term":[{"taxonomy":"product_brand","embeddable":true,"href":"https:\/\/justpassinthru.de\/ru\/wp-json\/wp\/v2\/product_brand?post=6785"},{"taxonomy":"product_cat","embeddable":true,"href":"https:\/\/justpassinthru.de\/ru\/wp-json\/wp\/v2\/product_cat?post=6785"},{"taxonomy":"product_tag","embeddable":true,"href":"https:\/\/justpassinthru.de\/ru\/wp-json\/wp\/v2\/product_tag?post=6785"}],"curies":[{"name":"wp","href":"https:\/\/api.w.org\/{rel}","templated":true}]}}